{"id":1911,"date":"2020-10-27T17:27:42","date_gmt":"2020-10-27T17:27:42","guid":{"rendered":"https:\/\/goodjob.com.tr\/services\/brand-building\/brand-identity\/"},"modified":"2021-05-11T16:02:26","modified_gmt":"2021-05-11T16:02:26","slug":"brand-identity","status":"publish","type":"page","link":"https:\/\/goodjob.com.tr\/en\/services\/brand-building\/brand-identity\/","title":{"rendered":"Brand Identity"},"content":{"rendered":"<p><div class=\"fusion-fullwidth fullwidth-box fusion-builder-row-1 fusion-flex-container nonhundred-percent-fullwidth non-hundred-percent-height-scrolling\" style=\"--awb-border-radius-top-left:0px;--awb-border-radius-top-right:0px;--awb-border-radius-bottom-right:0px;--awb-border-radius-bottom-left:0px;--awb-flex-wrap:wrap;\" ><div class=\"fusion-builder-row fusion-row fusion-flex-align-items-flex-start fusion-flex-content-wrap\" style=\"max-width:calc( 1200px + 25px );margin-left: calc(-25px \/ 2 );margin-right: calc(-25px \/ 2 );\"><div class=\"fusion-layout-column fusion_builder_column fusion-builder-column-0 fusion_builder_column_1_1 1_1 fusion-flex-column\" style=\"--awb-bg-size:cover;--awb-width-large:100%;--awb-margin-top-large:0px;--awb-spacing-right-large:12.5px;--awb-margin-bottom-large:0px;--awb-spacing-left-large:12.5px;--awb-width-medium:100%;--awb-order-medium:0;--awb-spacing-right-medium:12.5px;--awb-spacing-left-medium:12.5px;--awb-width-small:100%;--awb-order-small:0;--awb-spacing-right-small:12.5px;--awb-spacing-left-small:12.5px;\"><div class=\"fusion-column-wrapper fusion-column-has-shadow fusion-flex-justify-content-flex-start fusion-content-layout-column\"><div class=\"fusion-title title fusion-title-1 fusion-sep-none fusion-title-text fusion-title-size-six\" style=\"--awb-margin-bottom:25px;\"><h6 class=\"fusion-title-heading title-heading-left\" style=\"margin:0;\">For us, brand identity is an inseparable part of the strategy. We design the brand identity as a result of the research we do and a strategy we develop.<\/h6><\/div><div class=\"fusion-title title fusion-title-2 fusion-sep-none fusion-title-text fusion-title-size-three\"><h3 class=\"fusion-title-heading title-heading-left\" style=\"margin:0;\">Scope of Service<\/h3><\/div><div class=\"fusion-separator\" style=\"align-self: flex-start;margin-right:auto;margin-bottom:25px;width:100%;max-width:250px;\"><div class=\"fusion-separator-border sep-single\" style=\"--awb-height:20px;--awb-amount:20px;border-color:#d60b51;border-top-width:4px;\"><\/div><\/div><\/div><\/div><div class=\"fusion-layout-column fusion_builder_column fusion-builder-column-1 fusion_builder_column_1_1 1_1 fusion-flex-column\" style=\"--awb-bg-size:cover;--awb-width-large:100%;--awb-margin-top-large:0px;--awb-spacing-right-large:12.5px;--awb-margin-bottom-large:20px;--awb-spacing-left-large:12.5px;--awb-width-medium:100%;--awb-order-medium:0;--awb-spacing-right-medium:12.5px;--awb-spacing-left-medium:12.5px;--awb-width-small:100%;--awb-order-small:0;--awb-spacing-right-small:12.5px;--awb-spacing-left-small:12.5px;\"><div class=\"fusion-column-wrapper fusion-column-has-shadow fusion-flex-justify-content-flex-start fusion-content-layout-column\"><ul style=\"--awb-line-height:27.2px;--awb-icon-width:27.2px;--awb-icon-height:27.2px;--awb-icon-margin:11.2px;--awb-content-margin:38.4px;--awb-circlecolor:#d60b51;--awb-circle-yes-font-size:14.08px;\" class=\"fusion-checklist fusion-checklist-1 fusion-checklist-default fusion-checklist-divider type-icons\"><li class=\"fusion-li-item\" style=\"\"><span class=\"icon-wrapper circle-yes\"><i class=\"fusion-li-icon fa-check fas\" aria-hidden=\"true\"><\/i><\/span><div class=\"fusion-li-item-content\">Logo<\/div><\/li><li class=\"fusion-li-item\" style=\"\"><span class=\"icon-wrapper circle-yes\"><i class=\"fusion-li-icon fa-check fas\" aria-hidden=\"true\"><\/i><\/span><div class=\"fusion-li-item-content\">Typography<\/div><\/li><li class=\"fusion-li-item\" style=\"\"><span class=\"icon-wrapper circle-yes\"><i class=\"fusion-li-icon fa-check fas\" aria-hidden=\"true\"><\/i><\/span><div class=\"fusion-li-item-content\">Brand Pattern<\/div><\/li><li class=\"fusion-li-item\" style=\"\"><span class=\"icon-wrapper circle-yes\"><i class=\"fusion-li-icon fa-check fas\" aria-hidden=\"true\"><\/i><\/span><div class=\"fusion-li-item-content\">Word mix and verbal identity<\/div><\/li><li class=\"fusion-li-item\" style=\"\"><span class=\"icon-wrapper circle-yes\"><i class=\"fusion-li-icon fa-check fas\" aria-hidden=\"true\"><\/i><\/span><div class=\"fusion-li-item-content\">Adaptation and practices<\/div><\/li><li class=\"fusion-li-item\" style=\"\"><span class=\"icon-wrapper circle-yes\"><i class=\"fusion-li-icon fa-check fas\" aria-hidden=\"true\"><\/i><\/span><div class=\"fusion-li-item-content\">Brand experience and world<\/div><\/li><\/ul><\/div><\/div><\/div><\/div><div class=\"fusion-fullwidth fullwidth-box fusion-builder-row-2 fusion-flex-container nonhundred-percent-fullwidth non-hundred-percent-height-scrolling\" style=\"--awb-border-radius-top-left:0px;--awb-border-radius-top-right:0px;--awb-border-radius-bottom-right:0px;--awb-border-radius-bottom-left:0px;--awb-padding-top:50px;--awb-padding-bottom:0px;--awb-margin-bottom:0px;--awb-flex-wrap:wrap;\" ><div class=\"fusion-builder-row fusion-row fusion-flex-align-items-flex-start fusion-flex-content-wrap\" style=\"max-width:calc( 1200px + 25px );margin-left: calc(-25px \/ 2 );margin-right: calc(-25px \/ 2 );\"><div class=\"fusion-layout-column fusion_builder_column fusion-builder-column-2 fusion_builder_column_1_1 1_1 fusion-flex-column\" style=\"--awb-bg-size:cover;--awb-width-large:100%;--awb-margin-top-large:0px;--awb-spacing-right-large:12.5px;--awb-margin-bottom-large:0px;--awb-spacing-left-large:12.5px;--awb-width-medium:100%;--awb-order-medium:0;--awb-spacing-right-medium:12.5px;--awb-spacing-left-medium:12.5px;--awb-width-small:100%;--awb-order-small:0;--awb-spacing-right-small:12.5px;--awb-spacing-left-small:12.5px;\"><div class=\"fusion-column-wrapper fusion-column-has-shadow fusion-flex-justify-content-flex-start fusion-content-layout-column\"><div class=\"fusion-title title fusion-title-3 fusion-sep-none fusion-title-text fusion-title-size-three\"><h3 class=\"fusion-title-heading title-heading-left\" style=\"margin:0;\">Some Identities We Created<\/h3><\/div><div class=\"fusion-separator\" style=\"align-self: flex-start;margin-right:auto;margin-bottom:25px;width:100%;max-width:250px;\"><div class=\"fusion-separator-border sep-single\" style=\"--awb-height:20px;--awb-amount:20px;border-color:#d60b51;border-top-width:4px;\"><\/div><\/div><div class=\"fusion-recent-works fusion-portfolio-element fusion-portfolio fusion-portfolio-1 fusion-portfolio-carousel fusion-portfolio-paging-pagination recent-works-carousel portfolio-carousel picture-size-auto\" data-id=\"-rw-1\"><div class=\"awb-carousel awb-swiper awb-swiper-carousel\" style=\"--awb-columns:3;\" data-autoplay=\"no\" data-columns=\"3\" data-itemmargin=\"30\" data-itemwidth=\"180\" data-touchscroll=\"no\" data-imagesize=\"auto\"><div class=\"swiper-wrapper\"><div class=\"swiper-slide\"><div class=\"fusion-carousel-item-wrapper\"><span class=\"entry-title rich-snippet-hidden\">Eclit<\/span><span class=\"vcard rich-snippet-hidden\"><span class=\"fn\"><a href=\"https:\/\/goodjob.com.tr\/en\/author\/goodjob\/\" title=\"Posts by goodjob\" rel=\"author\">goodjob<\/a><\/span><\/span><span class=\"updated rich-snippet-hidden\">2023-08-14T13:21:31+03:00<\/span><div  class=\"fusion-image-wrapper\" aria-haspopup=\"true\">\n\t\t\t\t\t\t\t<a href=\"https:\/\/goodjob.com.tr\/en\/portfolio-items\/eclit\/\" aria-label=\"Eclit\">\n\t\t\t\t\t\t\t<img decoding=\"async\" width=\"1484\" height=\"1113\" src=\"https:\/\/goodjob.com.tr\/wp-content\/uploads\/2021\/12\/Eclit-yeni-marka-yaratma-danis\u0327manlig\u0306i.jpg\" class=\"attachment-full size-full lazyload wp-post-image\" alt=\"\" srcset=\"data:image\/svg+xml,%3Csvg%20xmlns%3D%27http%3A%2F%2Fwww.w3.org%2F2000%2Fsvg%27%20width%3D%271484%27%20height%3D%271113%27%20viewBox%3D%270%200%201484%201113%27%3E%3Crect%20width%3D%271484%27%20height%3D%271113%27%20fill-opacity%3D%220%22%2F%3E%3C%2Fsvg%3E\" data-orig-src=\"https:\/\/goodjob.com.tr\/wp-content\/uploads\/2021\/12\/Eclit-yeni-marka-yaratma-danis\u0327manlig\u0306i.jpg\" data-srcset=\"https:\/\/goodjob.com.tr\/wp-content\/uploads\/2021\/12\/Eclit-yeni-marka-yaratma-danis\u0327manlig\u0306i-200x150.jpg 200w, https:\/\/goodjob.com.tr\/wp-content\/uploads\/2021\/12\/Eclit-yeni-marka-yaratma-danis\u0327manlig\u0306i-400x300.jpg 400w, https:\/\/goodjob.com.tr\/wp-content\/uploads\/2021\/12\/Eclit-yeni-marka-yaratma-danis\u0327manlig\u0306i-600x450.jpg 600w, https:\/\/goodjob.com.tr\/wp-content\/uploads\/2021\/12\/Eclit-yeni-marka-yaratma-danis\u0327manlig\u0306i-800x600.jpg 800w, https:\/\/goodjob.com.tr\/wp-content\/uploads\/2021\/12\/Eclit-yeni-marka-yaratma-danis\u0327manlig\u0306i-1200x900.jpg 1200w, https:\/\/goodjob.com.tr\/wp-content\/uploads\/2021\/12\/Eclit-yeni-marka-yaratma-danis\u0327manlig\u0306i.jpg 1484w\" data-sizes=\"auto\" \/>\t\t\t<\/a>\n\t\t\t\t\t\t\t<\/div>\n<\/div><\/div><div class=\"swiper-slide\"><div class=\"fusion-carousel-item-wrapper\"><span class=\"entry-title rich-snippet-hidden\">Palize Breakfast and Delicatessen<\/span><span class=\"vcard rich-snippet-hidden\"><span class=\"fn\"><a href=\"https:\/\/goodjob.com.tr\/en\/author\/goodjob\/\" title=\"Posts by goodjob\" rel=\"author\">goodjob<\/a><\/span><\/span><span class=\"updated rich-snippet-hidden\">2023-08-14T21:31:44+03:00<\/span><div  class=\"fusion-image-wrapper\" aria-haspopup=\"true\">\n\t\t\t\t\t\t\t<a href=\"https:\/\/goodjob.com.tr\/en\/portfolio-items\/palize-breakfast-and-delicatessen\/\" aria-label=\"Palize Breakfast and Delicatessen\">\n\t\t\t\t\t\t\t<img decoding=\"async\" width=\"1024\" height=\"480\" src=\"data:image\/svg+xml,%3Csvg%20xmlns%3D%27http%3A%2F%2Fwww.w3.org%2F2000%2Fsvg%27%20width%3D%271024%27%20height%3D%27480%27%20viewBox%3D%270%200%201024%20480%27%3E%3Crect%20width%3D%271024%27%20height%3D%27480%27%20fill-opacity%3D%220%22%2F%3E%3C%2Fsvg%3E\" class=\"attachment-full size-full lazyload wp-post-image\" alt=\"\" data-orig-src=\"https:\/\/goodjob.com.tr\/wp-content\/uploads\/2023\/07\/palize_logo-1024x480-1-e1688368748326.jpeg\" \/>\t\t\t<\/a>\n\t\t\t\t\t\t\t<\/div>\n<\/div><\/div><div class=\"swiper-slide\"><div class=\"fusion-carousel-item-wrapper\"><span class=\"entry-title rich-snippet-hidden\">MEBAK<\/span><span class=\"vcard rich-snippet-hidden\"><span class=\"fn\"><a href=\"https:\/\/goodjob.com.tr\/en\/author\/goodjob\/\" title=\"Posts by goodjob\" rel=\"author\">goodjob<\/a><\/span><\/span><span class=\"updated rich-snippet-hidden\">2022-04-04T13:20:59+03:00<\/span><div  class=\"fusion-image-wrapper\" aria-haspopup=\"true\">\n\t\t\t\t\t\t\t<a href=\"https:\/\/goodjob.com.tr\/en\/portfolio-items\/mebak\/\" aria-label=\"MEBAK\">\n\t\t\t\t\t\t\t<img decoding=\"async\" width=\"1484\" height=\"1113\" src=\"https:\/\/goodjob.com.tr\/wp-content\/uploads\/2020\/12\/mebak_go\u0308rsel.jpg\" class=\"attachment-full size-full lazyload wp-post-image\" alt=\"\" srcset=\"data:image\/svg+xml,%3Csvg%20xmlns%3D%27http%3A%2F%2Fwww.w3.org%2F2000%2Fsvg%27%20width%3D%271484%27%20height%3D%271113%27%20viewBox%3D%270%200%201484%201113%27%3E%3Crect%20width%3D%271484%27%20height%3D%271113%27%20fill-opacity%3D%220%22%2F%3E%3C%2Fsvg%3E\" data-orig-src=\"https:\/\/goodjob.com.tr\/wp-content\/uploads\/2020\/12\/mebak_go\u0308rsel.jpg\" data-srcset=\"https:\/\/goodjob.com.tr\/wp-content\/uploads\/2020\/12\/mebak_go\u0308rsel-200x150.jpg 200w, https:\/\/goodjob.com.tr\/wp-content\/uploads\/2020\/12\/mebak_go\u0308rsel-400x300.jpg 400w, https:\/\/goodjob.com.tr\/wp-content\/uploads\/2020\/12\/mebak_go\u0308rsel-600x450.jpg 600w, https:\/\/goodjob.com.tr\/wp-content\/uploads\/2020\/12\/mebak_go\u0308rsel-800x600.jpg 800w, https:\/\/goodjob.com.tr\/wp-content\/uploads\/2020\/12\/mebak_go\u0308rsel-1200x900.jpg 1200w, https:\/\/goodjob.com.tr\/wp-content\/uploads\/2020\/12\/mebak_go\u0308rsel.jpg 1484w\" data-sizes=\"auto\" \/>\t\t\t<\/a>\n\t\t\t\t\t\t\t<\/div>\n<\/div><\/div><div class=\"swiper-slide\"><div class=\"fusion-carousel-item-wrapper\"><span class=\"entry-title rich-snippet-hidden\">Has\u00e7elik<\/span><span class=\"vcard rich-snippet-hidden\"><span class=\"fn\"><a href=\"https:\/\/goodjob.com.tr\/en\/author\/goodjob\/\" title=\"Posts by goodjob\" rel=\"author\">goodjob<\/a><\/span><\/span><span class=\"updated rich-snippet-hidden\">2023-08-14T13:12:30+03:00<\/span><div  class=\"fusion-image-wrapper\" aria-haspopup=\"true\">\n\t\t\t\t\t\t\t<a href=\"https:\/\/goodjob.com.tr\/en\/portfolio-items\/hascelik\/\" aria-label=\"Has\u00e7elik\">\n\t\t\t\t\t\t\t<img decoding=\"async\" width=\"2846\" height=\"1628\" src=\"data:image\/svg+xml,%3Csvg%20xmlns%3D%27http%3A%2F%2Fwww.w3.org%2F2000%2Fsvg%27%20width%3D%272846%27%20height%3D%271628%27%20viewBox%3D%270%200%202846%201628%27%3E%3Crect%20width%3D%272846%27%20height%3D%271628%27%20fill-opacity%3D%220%22%2F%3E%3C%2Fsvg%3E\" class=\"attachment-full size-full lazyload wp-post-image\" alt=\"\" data-orig-src=\"https:\/\/goodjob.com.tr\/wp-content\/uploads\/2022\/12\/Ekran-Resmi-2022-12-16-16.29.14-e1674736692876.png\" \/>\t\t\t<\/a>\n\t\t\t\t\t\t\t<\/div>\n<\/div><\/div><div class=\"swiper-slide\"><div class=\"fusion-carousel-item-wrapper\"><span class=\"entry-title rich-snippet-hidden\">Warmhaus<\/span><span class=\"vcard rich-snippet-hidden\"><span class=\"fn\"><a href=\"https:\/\/goodjob.com.tr\/en\/author\/goodjob\/\" title=\"Posts by goodjob\" rel=\"author\">goodjob<\/a><\/span><\/span><span class=\"updated rich-snippet-hidden\">2023-08-14T12:33:56+03:00<\/span><div  class=\"fusion-image-wrapper\" aria-haspopup=\"true\">\n\t\t\t\t\t\t\t<a href=\"https:\/\/goodjob.com.tr\/en\/portfolio-items\/warmhaus\/\" aria-label=\"Warmhaus\">\n\t\t\t\t\t\t\t<img decoding=\"async\" width=\"800\" height=\"600\" src=\"https:\/\/goodjob.com.tr\/wp-content\/uploads\/2020\/10\/warmhaus-marka-danismanligi-goodjob.jpg\" class=\"attachment-full size-full lazyload wp-post-image\" alt=\"Warmhaus brand consultancy\" srcset=\"data:image\/svg+xml,%3Csvg%20xmlns%3D%27http%3A%2F%2Fwww.w3.org%2F2000%2Fsvg%27%20width%3D%27800%27%20height%3D%27600%27%20viewBox%3D%270%200%20800%20600%27%3E%3Crect%20width%3D%27800%27%20height%3D%27600%27%20fill-opacity%3D%220%22%2F%3E%3C%2Fsvg%3E\" data-orig-src=\"https:\/\/goodjob.com.tr\/wp-content\/uploads\/2020\/10\/warmhaus-marka-danismanligi-goodjob.jpg\" data-srcset=\"https:\/\/goodjob.com.tr\/wp-content\/uploads\/2020\/10\/warmhaus-marka-danismanligi-goodjob-200x150.jpg 200w, https:\/\/goodjob.com.tr\/wp-content\/uploads\/2020\/10\/warmhaus-marka-danismanligi-goodjob-400x300.jpg 400w, https:\/\/goodjob.com.tr\/wp-content\/uploads\/2020\/10\/warmhaus-marka-danismanligi-goodjob-600x450.jpg 600w, https:\/\/goodjob.com.tr\/wp-content\/uploads\/2020\/10\/warmhaus-marka-danismanligi-goodjob.jpg 800w\" data-sizes=\"auto\" \/>\t\t\t<\/a>\n\t\t\t\t\t\t\t<\/div>\n<\/div><\/div><div class=\"swiper-slide\"><div class=\"fusion-carousel-item-wrapper\"><span class=\"entry-title rich-snippet-hidden\">Girsan<\/span><span class=\"vcard rich-snippet-hidden\"><span class=\"fn\"><a href=\"https:\/\/goodjob.com.tr\/en\/author\/goodjob\/\" title=\"Posts by goodjob\" rel=\"author\">goodjob<\/a><\/span><\/span><span class=\"updated rich-snippet-hidden\">2023-08-14T14:34:34+03:00<\/span><div  class=\"fusion-image-wrapper\" aria-haspopup=\"true\">\n\t\t\t\t\t\t\t<a href=\"https:\/\/goodjob.com.tr\/en\/portfolio-items\/girsan\/\" aria-label=\"Girsan\">\n\t\t\t\t\t\t\t<img decoding=\"async\" width=\"820\" height=\"600\" src=\"https:\/\/goodjob.com.tr\/wp-content\/uploads\/2021\/03\/yavuz-600800.jpg\" class=\"attachment-full size-full lazyload wp-post-image\" alt=\"\" srcset=\"data:image\/svg+xml,%3Csvg%20xmlns%3D%27http%3A%2F%2Fwww.w3.org%2F2000%2Fsvg%27%20width%3D%27820%27%20height%3D%27600%27%20viewBox%3D%270%200%20820%20600%27%3E%3Crect%20width%3D%27820%27%20height%3D%27600%27%20fill-opacity%3D%220%22%2F%3E%3C%2Fsvg%3E\" data-orig-src=\"https:\/\/goodjob.com.tr\/wp-content\/uploads\/2021\/03\/yavuz-600800.jpg\" data-srcset=\"https:\/\/goodjob.com.tr\/wp-content\/uploads\/2021\/03\/yavuz-600800-200x146.jpg 200w, https:\/\/goodjob.com.tr\/wp-content\/uploads\/2021\/03\/yavuz-600800-400x293.jpg 400w, https:\/\/goodjob.com.tr\/wp-content\/uploads\/2021\/03\/yavuz-600800-600x439.jpg 600w, https:\/\/goodjob.com.tr\/wp-content\/uploads\/2021\/03\/yavuz-600800-800x585.jpg 800w, https:\/\/goodjob.com.tr\/wp-content\/uploads\/2021\/03\/yavuz-600800.jpg 820w\" data-sizes=\"auto\" \/>\t\t\t<\/a>\n\t\t\t\t\t\t\t<\/div>\n<\/div><\/div><\/div><div class=\"awb-swiper-button awb-swiper-button-prev\"><i class=\"awb-icon-angle-left\" aria-hidden=\"true\"><\/i><\/div><div class=\"awb-swiper-button awb-swiper-button-next\"><i class=\"awb-icon-angle-right\" aria-hidden=\"true\"><\/i><\/div><\/div><\/div><\/div><\/div><\/div><\/div><\/p>\n","protected":false},"excerpt":{"rendered":"","protected":false},"author":1,"featured_media":0,"parent":1477,"menu_order":0,"comment_status":"closed","ping_status":"closed","template":"","meta":{"footnotes":""},"class_list":["post-1911","page","type-page","status-publish","hentry"],"yoast_head":"<!-- This site is optimized with the Yoast SEO plugin v27.5 - https:\/\/yoast.com\/product\/yoast-seo-wordpress\/ -->\n<title>Brand Identity - Goodjob Marka Dan\u0131\u015fmanl\u0131\u011f\u0131<\/title>\n<meta name=\"robots\" content=\"index, follow, max-snippet:-1, max-image-preview:large, max-video-preview:-1\" \/>\n<link rel=\"canonical\" href=\"https:\/\/goodjob.com.tr\/en\/services\/brand-building\/brand-identity\/\" \/>\n<meta property=\"og:locale\" content=\"en_US\" \/>\n<meta property=\"og:type\" content=\"article\" \/>\n<meta property=\"og:title\" content=\"Brand Identity - Goodjob Marka Dan\u0131\u015fmanl\u0131\u011f\u0131\" \/>\n<meta property=\"og:url\" content=\"https:\/\/goodjob.com.tr\/en\/services\/brand-building\/brand-identity\/\" \/>\n<meta property=\"og:site_name\" content=\"Goodjob Marka Dan\u0131\u015fmanl\u0131\u011f\u0131\" \/>\n<meta property=\"article:modified_time\" content=\"2021-05-11T16:02:26+00:00\" \/>\n<meta name=\"twitter:card\" content=\"summary_large_image\" \/>\n<meta name=\"twitter:label1\" content=\"Est. reading time\" \/>\n\t<meta name=\"twitter:data1\" content=\"8 minutes\" \/>\n<script type=\"application\/ld+json\" class=\"yoast-schema-graph\">{\"@context\":\"https:\\\/\\\/schema.org\",\"@graph\":[{\"@type\":\"WebPage\",\"@id\":\"https:\\\/\\\/goodjob.com.tr\\\/en\\\/services\\\/brand-building\\\/brand-identity\\\/\",\"url\":\"https:\\\/\\\/goodjob.com.tr\\\/en\\\/services\\\/brand-building\\\/brand-identity\\\/\",\"name\":\"Brand Identity - Goodjob Marka Dan\u0131\u015fmanl\u0131\u011f\u0131\",\"isPartOf\":{\"@id\":\"https:\\\/\\\/goodjob.com.tr\\\/en\\\/#website\"},\"datePublished\":\"2020-10-27T17:27:42+00:00\",\"dateModified\":\"2021-05-11T16:02:26+00:00\",\"breadcrumb\":{\"@id\":\"https:\\\/\\\/goodjob.com.tr\\\/en\\\/services\\\/brand-building\\\/brand-identity\\\/#breadcrumb\"},\"inLanguage\":\"en-US\",\"potentialAction\":[{\"@type\":\"ReadAction\",\"target\":[\"https:\\\/\\\/goodjob.com.tr\\\/en\\\/services\\\/brand-building\\\/brand-identity\\\/\"]}]},{\"@type\":\"BreadcrumbList\",\"@id\":\"https:\\\/\\\/goodjob.com.tr\\\/en\\\/services\\\/brand-building\\\/brand-identity\\\/#breadcrumb\",\"itemListElement\":[{\"@type\":\"ListItem\",\"position\":1,\"name\":\"Ana sayfa\",\"item\":\"https:\\\/\\\/goodjob.com.tr\\\/en\\\/\"},{\"@type\":\"ListItem\",\"position\":2,\"name\":\"Services\",\"item\":\"https:\\\/\\\/goodjob.com.tr\\\/en\\\/hizmetler\\\/\"},{\"@type\":\"ListItem\",\"position\":3,\"name\":\"Brand Building\",\"item\":\"https:\\\/\\\/en.goodjob.com.tr\\\/en\\\/services\\\/brand-building\\\/\"},{\"@type\":\"ListItem\",\"position\":4,\"name\":\"Brand Identity\"}]},{\"@type\":\"WebSite\",\"@id\":\"https:\\\/\\\/goodjob.com.tr\\\/en\\\/#website\",\"url\":\"https:\\\/\\\/goodjob.com.tr\\\/en\\\/\",\"name\":\"Goodjob Marka Dan\u0131\u015fmanl\u0131\u011f\u0131\",\"description\":\"G\u00fc\u00e7l\u00fc markalar sadece derinli\u011fin g\u00fcc\u00fcyle var olur.\",\"publisher\":{\"@id\":\"https:\\\/\\\/goodjob.com.tr\\\/en\\\/#organization\"},\"potentialAction\":[{\"@type\":\"SearchAction\",\"target\":{\"@type\":\"EntryPoint\",\"urlTemplate\":\"https:\\\/\\\/goodjob.com.tr\\\/en\\\/?s={search_term_string}\"},\"query-input\":{\"@type\":\"PropertyValueSpecification\",\"valueRequired\":true,\"valueName\":\"search_term_string\"}}],\"inLanguage\":\"en-US\"},{\"@type\":\"Organization\",\"@id\":\"https:\\\/\\\/goodjob.com.tr\\\/en\\\/#organization\",\"name\":\"Goodjob Human Insight, Strategy & Branding\",\"url\":\"https:\\\/\\\/goodjob.com.tr\\\/en\\\/\",\"logo\":{\"@type\":\"ImageObject\",\"inLanguage\":\"en-US\",\"@id\":\"https:\\\/\\\/goodjob.com.tr\\\/en\\\/#\\\/schema\\\/logo\\\/image\\\/\",\"url\":\"https:\\\/\\\/goodjob.com.tr\\\/wp-content\\\/uploads\\\/2020\\\/10\\\/GJ_Logo.png\",\"contentUrl\":\"https:\\\/\\\/goodjob.com.tr\\\/wp-content\\\/uploads\\\/2020\\\/10\\\/GJ_Logo.png\",\"width\":500,\"height\":60,\"caption\":\"Goodjob Human Insight, Strategy & Branding\"},\"image\":{\"@id\":\"https:\\\/\\\/goodjob.com.tr\\\/en\\\/#\\\/schema\\\/logo\\\/image\\\/\"}}]}<\/script>\n<!-- \/ Yoast SEO plugin. -->","yoast_head_json":{"title":"Brand Identity - Goodjob Marka Dan\u0131\u015fmanl\u0131\u011f\u0131","robots":{"index":"index","follow":"follow","max-snippet":"max-snippet:-1","max-image-preview":"max-image-preview:large","max-video-preview":"max-video-preview:-1"},"canonical":"https:\/\/goodjob.com.tr\/en\/services\/brand-building\/brand-identity\/","og_locale":"en_US","og_type":"article","og_title":"Brand Identity - Goodjob Marka Dan\u0131\u015fmanl\u0131\u011f\u0131","og_url":"https:\/\/goodjob.com.tr\/en\/services\/brand-building\/brand-identity\/","og_site_name":"Goodjob Marka Dan\u0131\u015fmanl\u0131\u011f\u0131","article_modified_time":"2021-05-11T16:02:26+00:00","twitter_card":"summary_large_image","twitter_misc":{"Est. reading time":"8 minutes"},"schema":{"@context":"https:\/\/schema.org","@graph":[{"@type":"WebPage","@id":"https:\/\/goodjob.com.tr\/en\/services\/brand-building\/brand-identity\/","url":"https:\/\/goodjob.com.tr\/en\/services\/brand-building\/brand-identity\/","name":"Brand Identity - Goodjob Marka Dan\u0131\u015fmanl\u0131\u011f\u0131","isPartOf":{"@id":"https:\/\/goodjob.com.tr\/en\/#website"},"datePublished":"2020-10-27T17:27:42+00:00","dateModified":"2021-05-11T16:02:26+00:00","breadcrumb":{"@id":"https:\/\/goodjob.com.tr\/en\/services\/brand-building\/brand-identity\/#breadcrumb"},"inLanguage":"en-US","potentialAction":[{"@type":"ReadAction","target":["https:\/\/goodjob.com.tr\/en\/services\/brand-building\/brand-identity\/"]}]},{"@type":"BreadcrumbList","@id":"https:\/\/goodjob.com.tr\/en\/services\/brand-building\/brand-identity\/#breadcrumb","itemListElement":[{"@type":"ListItem","position":1,"name":"Ana sayfa","item":"https:\/\/goodjob.com.tr\/en\/"},{"@type":"ListItem","position":2,"name":"Services","item":"https:\/\/goodjob.com.tr\/en\/hizmetler\/"},{"@type":"ListItem","position":3,"name":"Brand Building","item":"https:\/\/en.goodjob.com.tr\/en\/services\/brand-building\/"},{"@type":"ListItem","position":4,"name":"Brand Identity"}]},{"@type":"WebSite","@id":"https:\/\/goodjob.com.tr\/en\/#website","url":"https:\/\/goodjob.com.tr\/en\/","name":"Goodjob Marka Dan\u0131\u015fmanl\u0131\u011f\u0131","description":"G\u00fc\u00e7l\u00fc markalar sadece derinli\u011fin g\u00fcc\u00fcyle var olur.","publisher":{"@id":"https:\/\/goodjob.com.tr\/en\/#organization"},"potentialAction":[{"@type":"SearchAction","target":{"@type":"EntryPoint","urlTemplate":"https:\/\/goodjob.com.tr\/en\/?s={search_term_string}"},"query-input":{"@type":"PropertyValueSpecification","valueRequired":true,"valueName":"search_term_string"}}],"inLanguage":"en-US"},{"@type":"Organization","@id":"https:\/\/goodjob.com.tr\/en\/#organization","name":"Goodjob Human Insight, Strategy & Branding","url":"https:\/\/goodjob.com.tr\/en\/","logo":{"@type":"ImageObject","inLanguage":"en-US","@id":"https:\/\/goodjob.com.tr\/en\/#\/schema\/logo\/image\/","url":"https:\/\/goodjob.com.tr\/wp-content\/uploads\/2020\/10\/GJ_Logo.png","contentUrl":"https:\/\/goodjob.com.tr\/wp-content\/uploads\/2020\/10\/GJ_Logo.png","width":500,"height":60,"caption":"Goodjob Human Insight, Strategy & Branding"},"image":{"@id":"https:\/\/goodjob.com.tr\/en\/#\/schema\/logo\/image\/"}}]}},"_links":{"self":[{"href":"https:\/\/goodjob.com.tr\/en\/wp-json\/wp\/v2\/pages\/1911","targetHints":{"allow":["GET"]}}],"collection":[{"href":"https:\/\/goodjob.com.tr\/en\/wp-json\/wp\/v2\/pages"}],"about":[{"href":"https:\/\/goodjob.com.tr\/en\/wp-json\/wp\/v2\/types\/page"}],"author":[{"embeddable":true,"href":"https:\/\/goodjob.com.tr\/en\/wp-json\/wp\/v2\/users\/1"}],"replies":[{"embeddable":true,"href":"https:\/\/goodjob.com.tr\/en\/wp-json\/wp\/v2\/comments?post=1911"}],"version-history":[{"count":5,"href":"https:\/\/goodjob.com.tr\/en\/wp-json\/wp\/v2\/pages\/1911\/revisions"}],"predecessor-version":[{"id":1916,"href":"https:\/\/goodjob.com.tr\/en\/wp-json\/wp\/v2\/pages\/1911\/revisions\/1916"}],"up":[{"embeddable":true,"href":"https:\/\/goodjob.com.tr\/en\/wp-json\/wp\/v2\/pages\/1477"}],"wp:attachment":[{"href":"https:\/\/goodjob.com.tr\/en\/wp-json\/wp\/v2\/media?parent=1911"}],"curies":[{"name":"wp","href":"https:\/\/api.w.org\/{rel}","templated":true}]}}