{"id":1878,"date":"2020-10-26T19:55:32","date_gmt":"2020-10-26T19:55:32","guid":{"rendered":"https:\/\/goodjob.com.tr\/services\/insight-and-research\/quantitative-research\/"},"modified":"2021-05-10T18:09:55","modified_gmt":"2021-05-10T18:09:55","slug":"quantitative-research","status":"publish","type":"page","link":"https:\/\/goodjob.com.tr\/en\/services\/insight-and-research\/quantitative-research\/","title":{"rendered":"Quantitative Research"},"content":{"rendered":"","protected":false},"excerpt":{"rendered":"","protected":false},"author":1,"featured_media":0,"parent":1437,"menu_order":0,"comment_status":"closed","ping_status":"closed","template":"","meta":{"footnotes":""},"class_list":["post-1878","page","type-page","status-publish","hentry"],"yoast_head":"<!-- This site is optimized with the Yoast SEO plugin v27.4 - https:\/\/yoast.com\/product\/yoast-seo-wordpress\/ -->\n<title>Quantitative Research - Goodjob Marka Dan\u0131\u015fmanl\u0131\u011f\u0131<\/title>\n<meta name=\"robots\" content=\"index, follow, max-snippet:-1, max-image-preview:large, max-video-preview:-1\" \/>\n<link rel=\"canonical\" href=\"https:\/\/goodjob.com.tr\/en\/services\/insight-and-research\/quantitative-research\/\" \/>\n<meta property=\"og:locale\" content=\"en_US\" \/>\n<meta property=\"og:type\" content=\"article\" \/>\n<meta property=\"og:title\" content=\"Quantitative Research - Goodjob Marka Dan\u0131\u015fmanl\u0131\u011f\u0131\" \/>\n<meta property=\"og:url\" content=\"https:\/\/goodjob.com.tr\/en\/services\/insight-and-research\/quantitative-research\/\" \/>\n<meta property=\"og:site_name\" content=\"Goodjob Marka Dan\u0131\u015fmanl\u0131\u011f\u0131\" \/>\n<meta property=\"article:modified_time\" content=\"2021-05-10T18:09:55+00:00\" \/>\n<meta name=\"twitter:card\" content=\"summary_large_image\" \/>\n<script type=\"application\/ld+json\" class=\"yoast-schema-graph\">{\"@context\":\"https:\\\/\\\/schema.org\",\"@graph\":[{\"@type\":\"WebPage\",\"@id\":\"https:\\\/\\\/goodjob.com.tr\\\/en\\\/services\\\/insight-and-research\\\/quantitative-research\\\/\",\"url\":\"https:\\\/\\\/goodjob.com.tr\\\/en\\\/services\\\/insight-and-research\\\/quantitative-research\\\/\",\"name\":\"Quantitative Research - Goodjob Marka Dan\u0131\u015fmanl\u0131\u011f\u0131\",\"isPartOf\":{\"@id\":\"https:\\\/\\\/goodjob.com.tr\\\/en\\\/#website\"},\"datePublished\":\"2020-10-26T19:55:32+00:00\",\"dateModified\":\"2021-05-10T18:09:55+00:00\",\"breadcrumb\":{\"@id\":\"https:\\\/\\\/goodjob.com.tr\\\/en\\\/services\\\/insight-and-research\\\/quantitative-research\\\/#breadcrumb\"},\"inLanguage\":\"en-US\",\"potentialAction\":[{\"@type\":\"ReadAction\",\"target\":[\"https:\\\/\\\/goodjob.com.tr\\\/en\\\/services\\\/insight-and-research\\\/quantitative-research\\\/\"]}]},{\"@type\":\"BreadcrumbList\",\"@id\":\"https:\\\/\\\/goodjob.com.tr\\\/en\\\/services\\\/insight-and-research\\\/quantitative-research\\\/#breadcrumb\",\"itemListElement\":[{\"@type\":\"ListItem\",\"position\":1,\"name\":\"Ana sayfa\",\"item\":\"https:\\\/\\\/goodjob.com.tr\\\/en\\\/\"},{\"@type\":\"ListItem\",\"position\":2,\"name\":\"Services\",\"item\":\"https:\\\/\\\/goodjob.com.tr\\\/en\\\/hizmetler\\\/\"},{\"@type\":\"ListItem\",\"position\":3,\"name\":\"Insight and Research\",\"item\":\"https:\\\/\\\/goodjob.com.tr\\\/en\\\/hizmetler\\\/icgoru-ve-arastirma\\\/\"},{\"@type\":\"ListItem\",\"position\":4,\"name\":\"Quantitative Research\"}]},{\"@type\":\"WebSite\",\"@id\":\"https:\\\/\\\/goodjob.com.tr\\\/en\\\/#website\",\"url\":\"https:\\\/\\\/goodjob.com.tr\\\/en\\\/\",\"name\":\"Goodjob Marka Dan\u0131\u015fmanl\u0131\u011f\u0131\",\"description\":\"G\u00fc\u00e7l\u00fc markalar sadece derinli\u011fin g\u00fcc\u00fcyle var olur.\",\"publisher\":{\"@id\":\"https:\\\/\\\/goodjob.com.tr\\\/en\\\/#organization\"},\"potentialAction\":[{\"@type\":\"SearchAction\",\"target\":{\"@type\":\"EntryPoint\",\"urlTemplate\":\"https:\\\/\\\/goodjob.com.tr\\\/en\\\/?s={search_term_string}\"},\"query-input\":{\"@type\":\"PropertyValueSpecification\",\"valueRequired\":true,\"valueName\":\"search_term_string\"}}],\"inLanguage\":\"en-US\"},{\"@type\":\"Organization\",\"@id\":\"https:\\\/\\\/goodjob.com.tr\\\/en\\\/#organization\",\"name\":\"Goodjob Human Insight, Strategy & Branding\",\"url\":\"https:\\\/\\\/goodjob.com.tr\\\/en\\\/\",\"logo\":{\"@type\":\"ImageObject\",\"inLanguage\":\"en-US\",\"@id\":\"https:\\\/\\\/goodjob.com.tr\\\/en\\\/#\\\/schema\\\/logo\\\/image\\\/\",\"url\":\"https:\\\/\\\/goodjob.com.tr\\\/wp-content\\\/uploads\\\/2020\\\/10\\\/GJ_Logo.png\",\"contentUrl\":\"https:\\\/\\\/goodjob.com.tr\\\/wp-content\\\/uploads\\\/2020\\\/10\\\/GJ_Logo.png\",\"width\":500,\"height\":60,\"caption\":\"Goodjob Human Insight, Strategy & Branding\"},\"image\":{\"@id\":\"https:\\\/\\\/goodjob.com.tr\\\/en\\\/#\\\/schema\\\/logo\\\/image\\\/\"}}]}<\/script>\n<!-- \/ Yoast SEO plugin. -->","yoast_head_json":{"title":"Quantitative Research - Goodjob Marka Dan\u0131\u015fmanl\u0131\u011f\u0131","robots":{"index":"index","follow":"follow","max-snippet":"max-snippet:-1","max-image-preview":"max-image-preview:large","max-video-preview":"max-video-preview:-1"},"canonical":"https:\/\/goodjob.com.tr\/en\/services\/insight-and-research\/quantitative-research\/","og_locale":"en_US","og_type":"article","og_title":"Quantitative Research - Goodjob Marka Dan\u0131\u015fmanl\u0131\u011f\u0131","og_url":"https:\/\/goodjob.com.tr\/en\/services\/insight-and-research\/quantitative-research\/","og_site_name":"Goodjob Marka Dan\u0131\u015fmanl\u0131\u011f\u0131","article_modified_time":"2021-05-10T18:09:55+00:00","twitter_card":"summary_large_image","schema":{"@context":"https:\/\/schema.org","@graph":[{"@type":"WebPage","@id":"https:\/\/goodjob.com.tr\/en\/services\/insight-and-research\/quantitative-research\/","url":"https:\/\/goodjob.com.tr\/en\/services\/insight-and-research\/quantitative-research\/","name":"Quantitative Research - Goodjob Marka Dan\u0131\u015fmanl\u0131\u011f\u0131","isPartOf":{"@id":"https:\/\/goodjob.com.tr\/en\/#website"},"datePublished":"2020-10-26T19:55:32+00:00","dateModified":"2021-05-10T18:09:55+00:00","breadcrumb":{"@id":"https:\/\/goodjob.com.tr\/en\/services\/insight-and-research\/quantitative-research\/#breadcrumb"},"inLanguage":"en-US","potentialAction":[{"@type":"ReadAction","target":["https:\/\/goodjob.com.tr\/en\/services\/insight-and-research\/quantitative-research\/"]}]},{"@type":"BreadcrumbList","@id":"https:\/\/goodjob.com.tr\/en\/services\/insight-and-research\/quantitative-research\/#breadcrumb","itemListElement":[{"@type":"ListItem","position":1,"name":"Ana sayfa","item":"https:\/\/goodjob.com.tr\/en\/"},{"@type":"ListItem","position":2,"name":"Services","item":"https:\/\/goodjob.com.tr\/en\/hizmetler\/"},{"@type":"ListItem","position":3,"name":"Insight and Research","item":"https:\/\/goodjob.com.tr\/en\/hizmetler\/icgoru-ve-arastirma\/"},{"@type":"ListItem","position":4,"name":"Quantitative Research"}]},{"@type":"WebSite","@id":"https:\/\/goodjob.com.tr\/en\/#website","url":"https:\/\/goodjob.com.tr\/en\/","name":"Goodjob Marka Dan\u0131\u015fmanl\u0131\u011f\u0131","description":"G\u00fc\u00e7l\u00fc markalar sadece derinli\u011fin g\u00fcc\u00fcyle var olur.","publisher":{"@id":"https:\/\/goodjob.com.tr\/en\/#organization"},"potentialAction":[{"@type":"SearchAction","target":{"@type":"EntryPoint","urlTemplate":"https:\/\/goodjob.com.tr\/en\/?s={search_term_string}"},"query-input":{"@type":"PropertyValueSpecification","valueRequired":true,"valueName":"search_term_string"}}],"inLanguage":"en-US"},{"@type":"Organization","@id":"https:\/\/goodjob.com.tr\/en\/#organization","name":"Goodjob Human Insight, Strategy & Branding","url":"https:\/\/goodjob.com.tr\/en\/","logo":{"@type":"ImageObject","inLanguage":"en-US","@id":"https:\/\/goodjob.com.tr\/en\/#\/schema\/logo\/image\/","url":"https:\/\/goodjob.com.tr\/wp-content\/uploads\/2020\/10\/GJ_Logo.png","contentUrl":"https:\/\/goodjob.com.tr\/wp-content\/uploads\/2020\/10\/GJ_Logo.png","width":500,"height":60,"caption":"Goodjob Human Insight, Strategy & Branding"},"image":{"@id":"https:\/\/goodjob.com.tr\/en\/#\/schema\/logo\/image\/"}}]}},"_links":{"self":[{"href":"https:\/\/goodjob.com.tr\/en\/wp-json\/wp\/v2\/pages\/1878","targetHints":{"allow":["GET"]}}],"collection":[{"href":"https:\/\/goodjob.com.tr\/en\/wp-json\/wp\/v2\/pages"}],"about":[{"href":"https:\/\/goodjob.com.tr\/en\/wp-json\/wp\/v2\/types\/page"}],"author":[{"embeddable":true,"href":"https:\/\/goodjob.com.tr\/en\/wp-json\/wp\/v2\/users\/1"}],"replies":[{"embeddable":true,"href":"https:\/\/goodjob.com.tr\/en\/wp-json\/wp\/v2\/comments?post=1878"}],"version-history":[{"count":1,"href":"https:\/\/goodjob.com.tr\/en\/wp-json\/wp\/v2\/pages\/1878\/revisions"}],"predecessor-version":[{"id":1879,"href":"https:\/\/goodjob.com.tr\/en\/wp-json\/wp\/v2\/pages\/1878\/revisions\/1879"}],"up":[{"embeddable":true,"href":"https:\/\/goodjob.com.tr\/en\/wp-json\/wp\/v2\/pages\/1437"}],"wp:attachment":[{"href":"https:\/\/goodjob.com.tr\/en\/wp-json\/wp\/v2\/media?parent=1878"}],"curies":[{"name":"wp","href":"https:\/\/api.w.org\/{rel}","templated":true}]}}