{"id":1870,"date":"2020-10-26T19:38:12","date_gmt":"2020-10-26T19:38:12","guid":{"rendered":"https:\/\/goodjob.com.tr\/services\/insight-and-research\/ethnographic-research\/intra-unit-ethnography-selfosphere\/"},"modified":"2021-05-10T18:07:25","modified_gmt":"2021-05-10T18:07:25","slug":"intra-unit-ethnography-selfosphere","status":"publish","type":"page","link":"https:\/\/goodjob.com.tr\/en\/services\/insight-and-research\/ethnographic-research\/intra-unit-ethnography-selfosphere\/","title":{"rendered":"Intra-unit Ethnography: Selfosphere"},"content":{"rendered":"<p><div class=\"fusion-fullwidth fullwidth-box fusion-builder-row-1 fusion-flex-container nonhundred-percent-fullwidth non-hundred-percent-height-scrolling\" style=\"--awb-border-radius-top-left:0px;--awb-border-radius-top-right:0px;--awb-border-radius-bottom-right:0px;--awb-border-radius-bottom-left:0px;--awb-flex-wrap:wrap;\" ><div class=\"fusion-builder-row fusion-row fusion-flex-align-items-flex-start fusion-flex-content-wrap\" style=\"max-width:calc( 1200px + 25px );margin-left: calc(-25px \/ 2 );margin-right: calc(-25px \/ 2 );\"><div class=\"fusion-layout-column fusion_builder_column fusion-builder-column-0 fusion_builder_column_1_1 1_1 fusion-flex-column\" style=\"--awb-bg-size:cover;--awb-width-large:100%;--awb-margin-top-large:0px;--awb-spacing-right-large:12.5px;--awb-margin-bottom-large:20px;--awb-spacing-left-large:12.5px;--awb-width-medium:100%;--awb-order-medium:0;--awb-spacing-right-medium:12.5px;--awb-spacing-left-medium:12.5px;--awb-width-small:100%;--awb-order-small:0;--awb-spacing-right-small:12.5px;--awb-spacing-left-small:12.5px;\"><div class=\"fusion-column-wrapper fusion-column-has-shadow fusion-flex-justify-content-flex-start fusion-content-layout-column\"><div class=\"fusion-title title fusion-title-1 fusion-sep-none fusion-title-text fusion-title-size-six\"><h6 class=\"fusion-title-heading title-heading-left\" style=\"margin:0;\">Corporate culture forms the basis of employer branding researches. Corporate culture also plays a determinant role in building a strong brand strategy or determining the growth areas of the brand.<\/h6><\/div><div class=\"fusion-title title fusion-title-2 fusion-sep-none fusion-title-text fusion-title-size-six\"><h6 class=\"fusion-title-heading title-heading-left\" style=\"margin:0;\">We analyze the internal structure of the corporate with our in-depth interviews and workshop models.<\/h6><\/div><\/div><\/div><\/div><\/div><div class=\"fusion-fullwidth fullwidth-box fusion-builder-row-2 fusion-flex-container nonhundred-percent-fullwidth non-hundred-percent-height-scrolling\" style=\"--awb-border-radius-top-left:0px;--awb-border-radius-top-right:0px;--awb-border-radius-bottom-right:0px;--awb-border-radius-bottom-left:0px;--awb-background-color:rgba(0,0,0,0.85);--awb-flex-wrap:wrap;\" ><div class=\"fusion-builder-row fusion-row fusion-flex-align-items-flex-start fusion-flex-content-wrap\" style=\"max-width:calc( 1200px + 25px );margin-left: calc(-25px \/ 2 );margin-right: calc(-25px \/ 2 );\"><div class=\"fusion-layout-column fusion_builder_column fusion-builder-column-1 fusion_builder_column_1_1 1_1 fusion-flex-column\" style=\"--awb-padding-top:50px;--awb-bg-size:cover;--awb-width-large:100%;--awb-margin-top-large:0px;--awb-spacing-right-large:12.5px;--awb-margin-bottom-large:50px;--awb-spacing-left-large:12.5px;--awb-width-medium:100%;--awb-order-medium:0;--awb-spacing-right-medium:12.5px;--awb-spacing-left-medium:12.5px;--awb-width-small:100%;--awb-order-small:0;--awb-spacing-right-small:12.5px;--awb-spacing-left-small:12.5px;\"><div class=\"fusion-column-wrapper fusion-column-has-shadow fusion-flex-justify-content-flex-start fusion-content-layout-column\"><div class=\"fusion-title title fusion-title-3 fusion-sep-none fusion-title-text fusion-title-size-three\" style=\"--awb-text-color:#ffffff;\"><h3 class=\"fusion-title-heading title-heading-left\" style=\"margin:0;\">Discoveries<\/h3><\/div><div class=\"fusion-separator\" style=\"align-self: flex-start;margin-right:auto;margin-bottom:25px;width:100%;max-width:250px;\"><div class=\"fusion-separator-border sep-single\" style=\"--awb-height:20px;--awb-amount:20px;border-color:#d60b51;border-top-width:4px;\"><\/div><\/div><ul style=\"--awb-line-height:27.2px;--awb-icon-width:27.2px;--awb-icon-height:27.2px;--awb-icon-margin:11.2px;--awb-content-margin:38.4px;--awb-circlecolor:#d60b51;--awb-circle-yes-font-size:14.08px;\" class=\"fusion-checklist fusion-checklist-1 fusion-checklist-default fusion-checklist-divider type-icons\"><li class=\"fusion-li-item\" style=\"\"><span class=\"icon-wrapper circle-yes\"><i class=\"fusion-li-icon fa-plus fas\" aria-hidden=\"true\"><\/i><\/span><div class=\"fusion-li-item-content\"><span style=\"color: #ffffff\">Signature story of the institution<\/span><\/div><\/li><li class=\"fusion-li-item\" style=\"\"><span class=\"icon-wrapper circle-yes\"><i class=\"fusion-li-icon fa-plus fas\" aria-hidden=\"true\"><\/i><\/span><div class=\"fusion-li-item-content\"><span style=\"color: #ffffff\">The values the institution has and should have<\/span><\/div><\/li><li class=\"fusion-li-item\" style=\"\"><span class=\"icon-wrapper circle-yes\"><i class=\"fusion-li-icon fa-plus fas\" aria-hidden=\"true\"><\/i><\/span><div class=\"fusion-li-item-content\"><span style=\"color: #ffffff\">How the institution makes its employees\/stakeholders feel<\/span><\/div><\/li><li class=\"fusion-li-item\" style=\"\"><span class=\"icon-wrapper circle-yes\"><i class=\"fusion-li-icon fa-plus fas\" aria-hidden=\"true\"><\/i><\/span><div class=\"fusion-li-item-content\"><span style=\"color: #ffffff\">The institution employees&#8217; perception of competitors and their own brands<\/span><\/div><\/li><\/ul><\/div><\/div><\/div><\/div><div class=\"fusion-fullwidth fullwidth-box fusion-builder-row-3 fusion-flex-container nonhundred-percent-fullwidth non-hundred-percent-height-scrolling\" style=\"--awb-border-radius-top-left:0px;--awb-border-radius-top-right:0px;--awb-border-radius-bottom-right:0px;--awb-border-radius-bottom-left:0px;--awb-padding-top:50px;--awb-flex-wrap:wrap;\" ><div class=\"fusion-builder-row fusion-row fusion-flex-align-items-flex-start fusion-flex-content-wrap\" style=\"max-width:calc( 1200px + 25px );margin-left: calc(-25px \/ 2 );margin-right: calc(-25px \/ 2 );\"><div class=\"fusion-layout-column fusion_builder_column fusion-builder-column-2 fusion_builder_column_1_1 1_1 fusion-flex-column\" style=\"--awb-bg-size:cover;--awb-width-large:100%;--awb-margin-top-large:0px;--awb-spacing-right-large:12.5px;--awb-margin-bottom-large:20px;--awb-spacing-left-large:12.5px;--awb-width-medium:100%;--awb-order-medium:0;--awb-spacing-right-medium:12.5px;--awb-spacing-left-medium:12.5px;--awb-width-small:100%;--awb-order-small:0;--awb-spacing-right-small:12.5px;--awb-spacing-left-small:12.5px;\"><div class=\"fusion-column-wrapper fusion-column-has-shadow fusion-flex-justify-content-flex-start fusion-content-layout-column\"><div class=\"fusion-title title fusion-title-4 fusion-sep-none fusion-title-text fusion-title-size-three\"><h3 class=\"fusion-title-heading title-heading-left\" style=\"margin:0;\">Intra-unit Ethnography: Selfosphere Cases<\/h3><\/div><div class=\"fusion-separator\" style=\"align-self: flex-start;margin-right:auto;margin-bottom:25px;width:100%;max-width:250px;\"><div class=\"fusion-separator-border sep-single\" style=\"--awb-height:20px;--awb-amount:20px;border-color:#d60b51;border-top-width:4px;\"><\/div><\/div><\/div><\/div><\/div><\/div><\/p>\n","protected":false},"excerpt":{"rendered":"","protected":false},"author":1,"featured_media":0,"parent":1568,"menu_order":0,"comment_status":"closed","ping_status":"closed","template":"100-width.php","meta":{"footnotes":""},"class_list":["post-1870","page","type-page","status-publish","hentry"],"yoast_head":"<!-- This site is optimized with the Yoast SEO plugin v27.4 - https:\/\/yoast.com\/product\/yoast-seo-wordpress\/ -->\n<title>Intra-unit Ethnography: Selfosphere - Goodjob Marka Dan\u0131\u015fmanl\u0131\u011f\u0131<\/title>\n<meta name=\"robots\" content=\"index, follow, max-snippet:-1, max-image-preview:large, max-video-preview:-1\" \/>\n<link rel=\"canonical\" href=\"https:\/\/goodjob.com.tr\/en\/services\/insight-and-research\/ethnographic-research\/intra-unit-ethnography-selfosphere\/\" \/>\n<meta property=\"og:locale\" content=\"en_US\" \/>\n<meta property=\"og:type\" content=\"article\" \/>\n<meta property=\"og:title\" content=\"Intra-unit Ethnography: Selfosphere - Goodjob Marka Dan\u0131\u015fmanl\u0131\u011f\u0131\" \/>\n<meta property=\"og:url\" content=\"https:\/\/goodjob.com.tr\/en\/services\/insight-and-research\/ethnographic-research\/intra-unit-ethnography-selfosphere\/\" \/>\n<meta property=\"og:site_name\" content=\"Goodjob Marka Dan\u0131\u015fmanl\u0131\u011f\u0131\" \/>\n<meta property=\"article:modified_time\" content=\"2021-05-10T18:07:25+00:00\" \/>\n<meta name=\"twitter:card\" content=\"summary_large_image\" \/>\n<meta name=\"twitter:label1\" content=\"Est. reading time\" \/>\n\t<meta name=\"twitter:data1\" content=\"10 minutes\" \/>\n<script type=\"application\/ld+json\" class=\"yoast-schema-graph\">{\"@context\":\"https:\\\/\\\/schema.org\",\"@graph\":[{\"@type\":\"WebPage\",\"@id\":\"https:\\\/\\\/goodjob.com.tr\\\/en\\\/services\\\/insight-and-research\\\/ethnographic-research\\\/intra-unit-ethnography-selfosphere\\\/\",\"url\":\"https:\\\/\\\/goodjob.com.tr\\\/en\\\/services\\\/insight-and-research\\\/ethnographic-research\\\/intra-unit-ethnography-selfosphere\\\/\",\"name\":\"Intra-unit Ethnography: Selfosphere - Goodjob Marka Dan\u0131\u015fmanl\u0131\u011f\u0131\",\"isPartOf\":{\"@id\":\"https:\\\/\\\/goodjob.com.tr\\\/en\\\/#website\"},\"datePublished\":\"2020-10-26T19:38:12+00:00\",\"dateModified\":\"2021-05-10T18:07:25+00:00\",\"breadcrumb\":{\"@id\":\"https:\\\/\\\/goodjob.com.tr\\\/en\\\/services\\\/insight-and-research\\\/ethnographic-research\\\/intra-unit-ethnography-selfosphere\\\/#breadcrumb\"},\"inLanguage\":\"en-US\",\"potentialAction\":[{\"@type\":\"ReadAction\",\"target\":[\"https:\\\/\\\/goodjob.com.tr\\\/en\\\/services\\\/insight-and-research\\\/ethnographic-research\\\/intra-unit-ethnography-selfosphere\\\/\"]}]},{\"@type\":\"BreadcrumbList\",\"@id\":\"https:\\\/\\\/goodjob.com.tr\\\/en\\\/services\\\/insight-and-research\\\/ethnographic-research\\\/intra-unit-ethnography-selfosphere\\\/#breadcrumb\",\"itemListElement\":[{\"@type\":\"ListItem\",\"position\":1,\"name\":\"Ana sayfa\",\"item\":\"https:\\\/\\\/goodjob.com.tr\\\/en\\\/\"},{\"@type\":\"ListItem\",\"position\":2,\"name\":\"Services\",\"item\":\"https:\\\/\\\/goodjob.com.tr\\\/en\\\/hizmetler\\\/\"},{\"@type\":\"ListItem\",\"position\":3,\"name\":\"Insight and Research\",\"item\":\"https:\\\/\\\/goodjob.com.tr\\\/en\\\/hizmetler\\\/icgoru-ve-arastirma\\\/\"},{\"@type\":\"ListItem\",\"position\":4,\"name\":\"Ethnographic Research\",\"item\":\"https:\\\/\\\/en.goodjob.com.tr\\\/en\\\/services\\\/insight-and-research\\\/ethnographic-research\\\/\"},{\"@type\":\"ListItem\",\"position\":5,\"name\":\"Intra-unit Ethnography: Selfosphere\"}]},{\"@type\":\"WebSite\",\"@id\":\"https:\\\/\\\/goodjob.com.tr\\\/en\\\/#website\",\"url\":\"https:\\\/\\\/goodjob.com.tr\\\/en\\\/\",\"name\":\"Goodjob Marka Dan\u0131\u015fmanl\u0131\u011f\u0131\",\"description\":\"G\u00fc\u00e7l\u00fc markalar sadece derinli\u011fin g\u00fcc\u00fcyle var olur.\",\"publisher\":{\"@id\":\"https:\\\/\\\/goodjob.com.tr\\\/en\\\/#organization\"},\"potentialAction\":[{\"@type\":\"SearchAction\",\"target\":{\"@type\":\"EntryPoint\",\"urlTemplate\":\"https:\\\/\\\/goodjob.com.tr\\\/en\\\/?s={search_term_string}\"},\"query-input\":{\"@type\":\"PropertyValueSpecification\",\"valueRequired\":true,\"valueName\":\"search_term_string\"}}],\"inLanguage\":\"en-US\"},{\"@type\":\"Organization\",\"@id\":\"https:\\\/\\\/goodjob.com.tr\\\/en\\\/#organization\",\"name\":\"Goodjob Human Insight, Strategy & Branding\",\"url\":\"https:\\\/\\\/goodjob.com.tr\\\/en\\\/\",\"logo\":{\"@type\":\"ImageObject\",\"inLanguage\":\"en-US\",\"@id\":\"https:\\\/\\\/goodjob.com.tr\\\/en\\\/#\\\/schema\\\/logo\\\/image\\\/\",\"url\":\"https:\\\/\\\/goodjob.com.tr\\\/wp-content\\\/uploads\\\/2020\\\/10\\\/GJ_Logo.png\",\"contentUrl\":\"https:\\\/\\\/goodjob.com.tr\\\/wp-content\\\/uploads\\\/2020\\\/10\\\/GJ_Logo.png\",\"width\":500,\"height\":60,\"caption\":\"Goodjob Human Insight, Strategy & Branding\"},\"image\":{\"@id\":\"https:\\\/\\\/goodjob.com.tr\\\/en\\\/#\\\/schema\\\/logo\\\/image\\\/\"}}]}<\/script>\n<!-- \/ Yoast SEO plugin. -->","yoast_head_json":{"title":"Intra-unit Ethnography: Selfosphere - Goodjob Marka Dan\u0131\u015fmanl\u0131\u011f\u0131","robots":{"index":"index","follow":"follow","max-snippet":"max-snippet:-1","max-image-preview":"max-image-preview:large","max-video-preview":"max-video-preview:-1"},"canonical":"https:\/\/goodjob.com.tr\/en\/services\/insight-and-research\/ethnographic-research\/intra-unit-ethnography-selfosphere\/","og_locale":"en_US","og_type":"article","og_title":"Intra-unit Ethnography: Selfosphere - Goodjob Marka Dan\u0131\u015fmanl\u0131\u011f\u0131","og_url":"https:\/\/goodjob.com.tr\/en\/services\/insight-and-research\/ethnographic-research\/intra-unit-ethnography-selfosphere\/","og_site_name":"Goodjob Marka Dan\u0131\u015fmanl\u0131\u011f\u0131","article_modified_time":"2021-05-10T18:07:25+00:00","twitter_card":"summary_large_image","twitter_misc":{"Est. reading time":"10 minutes"},"schema":{"@context":"https:\/\/schema.org","@graph":[{"@type":"WebPage","@id":"https:\/\/goodjob.com.tr\/en\/services\/insight-and-research\/ethnographic-research\/intra-unit-ethnography-selfosphere\/","url":"https:\/\/goodjob.com.tr\/en\/services\/insight-and-research\/ethnographic-research\/intra-unit-ethnography-selfosphere\/","name":"Intra-unit Ethnography: Selfosphere - Goodjob Marka Dan\u0131\u015fmanl\u0131\u011f\u0131","isPartOf":{"@id":"https:\/\/goodjob.com.tr\/en\/#website"},"datePublished":"2020-10-26T19:38:12+00:00","dateModified":"2021-05-10T18:07:25+00:00","breadcrumb":{"@id":"https:\/\/goodjob.com.tr\/en\/services\/insight-and-research\/ethnographic-research\/intra-unit-ethnography-selfosphere\/#breadcrumb"},"inLanguage":"en-US","potentialAction":[{"@type":"ReadAction","target":["https:\/\/goodjob.com.tr\/en\/services\/insight-and-research\/ethnographic-research\/intra-unit-ethnography-selfosphere\/"]}]},{"@type":"BreadcrumbList","@id":"https:\/\/goodjob.com.tr\/en\/services\/insight-and-research\/ethnographic-research\/intra-unit-ethnography-selfosphere\/#breadcrumb","itemListElement":[{"@type":"ListItem","position":1,"name":"Ana sayfa","item":"https:\/\/goodjob.com.tr\/en\/"},{"@type":"ListItem","position":2,"name":"Services","item":"https:\/\/goodjob.com.tr\/en\/hizmetler\/"},{"@type":"ListItem","position":3,"name":"Insight and Research","item":"https:\/\/goodjob.com.tr\/en\/hizmetler\/icgoru-ve-arastirma\/"},{"@type":"ListItem","position":4,"name":"Ethnographic Research","item":"https:\/\/en.goodjob.com.tr\/en\/services\/insight-and-research\/ethnographic-research\/"},{"@type":"ListItem","position":5,"name":"Intra-unit Ethnography: Selfosphere"}]},{"@type":"WebSite","@id":"https:\/\/goodjob.com.tr\/en\/#website","url":"https:\/\/goodjob.com.tr\/en\/","name":"Goodjob Marka Dan\u0131\u015fmanl\u0131\u011f\u0131","description":"G\u00fc\u00e7l\u00fc markalar sadece derinli\u011fin g\u00fcc\u00fcyle var olur.","publisher":{"@id":"https:\/\/goodjob.com.tr\/en\/#organization"},"potentialAction":[{"@type":"SearchAction","target":{"@type":"EntryPoint","urlTemplate":"https:\/\/goodjob.com.tr\/en\/?s={search_term_string}"},"query-input":{"@type":"PropertyValueSpecification","valueRequired":true,"valueName":"search_term_string"}}],"inLanguage":"en-US"},{"@type":"Organization","@id":"https:\/\/goodjob.com.tr\/en\/#organization","name":"Goodjob Human Insight, Strategy & Branding","url":"https:\/\/goodjob.com.tr\/en\/","logo":{"@type":"ImageObject","inLanguage":"en-US","@id":"https:\/\/goodjob.com.tr\/en\/#\/schema\/logo\/image\/","url":"https:\/\/goodjob.com.tr\/wp-content\/uploads\/2020\/10\/GJ_Logo.png","contentUrl":"https:\/\/goodjob.com.tr\/wp-content\/uploads\/2020\/10\/GJ_Logo.png","width":500,"height":60,"caption":"Goodjob Human Insight, Strategy & Branding"},"image":{"@id":"https:\/\/goodjob.com.tr\/en\/#\/schema\/logo\/image\/"}}]}},"_links":{"self":[{"href":"https:\/\/goodjob.com.tr\/en\/wp-json\/wp\/v2\/pages\/1870","targetHints":{"allow":["GET"]}}],"collection":[{"href":"https:\/\/goodjob.com.tr\/en\/wp-json\/wp\/v2\/pages"}],"about":[{"href":"https:\/\/goodjob.com.tr\/en\/wp-json\/wp\/v2\/types\/page"}],"author":[{"embeddable":true,"href":"https:\/\/goodjob.com.tr\/en\/wp-json\/wp\/v2\/users\/1"}],"replies":[{"embeddable":true,"href":"https:\/\/goodjob.com.tr\/en\/wp-json\/wp\/v2\/comments?post=1870"}],"version-history":[{"count":7,"href":"https:\/\/goodjob.com.tr\/en\/wp-json\/wp\/v2\/pages\/1870\/revisions"}],"predecessor-version":[{"id":1877,"href":"https:\/\/goodjob.com.tr\/en\/wp-json\/wp\/v2\/pages\/1870\/revisions\/1877"}],"up":[{"embeddable":true,"href":"https:\/\/goodjob.com.tr\/en\/wp-json\/wp\/v2\/pages\/1568"}],"wp:attachment":[{"href":"https:\/\/goodjob.com.tr\/en\/wp-json\/wp\/v2\/media?parent=1870"}],"curies":[{"name":"wp","href":"https:\/\/api.w.org\/{rel}","templated":true}]}}