{"id":1853,"date":"2020-10-26T19:37:10","date_gmt":"2020-10-26T19:37:10","guid":{"rendered":"https:\/\/goodjob.com.tr\/services\/insight-and-research\/ethnographic-research\/netnography-netnosphere\/"},"modified":"2021-05-10T16:48:42","modified_gmt":"2021-05-10T16:48:42","slug":"netnography-netnosphere","status":"publish","type":"page","link":"https:\/\/goodjob.com.tr\/en\/services\/insight-and-research\/ethnographic-research\/netnography-netnosphere\/","title":{"rendered":"Netnography: Netnosphere"},"content":{"rendered":"<p><div class=\"fusion-fullwidth fullwidth-box fusion-builder-row-1 fusion-flex-container nonhundred-percent-fullwidth non-hundred-percent-height-scrolling\" style=\"--awb-border-radius-top-left:0px;--awb-border-radius-top-right:0px;--awb-border-radius-bottom-right:0px;--awb-border-radius-bottom-left:0px;--awb-padding-bottom:0px;--awb-margin-bottom:0px;--awb-flex-wrap:wrap;\" ><div class=\"fusion-builder-row fusion-row fusion-flex-align-items-center fusion-flex-justify-content-space-around fusion-flex-content-wrap\" style=\"max-width:calc( 1200px + 25px );margin-left: calc(-25px \/ 2 );margin-right: calc(-25px \/ 2 );\"><div class=\"fusion-layout-column fusion_builder_column fusion-builder-column-0 fusion_builder_column_1_5 1_5 fusion-flex-column fusion-flex-align-self-flex-start\" style=\"--awb-padding-bottom:10px;--awb-bg-size:cover;--awb-width-large:20%;--awb-margin-top-large:0px;--awb-spacing-right-large:12.5px;--awb-margin-bottom-large:0px;--awb-spacing-left-large:12.5px;--awb-width-medium:20%;--awb-order-medium:0;--awb-spacing-right-medium:12.5px;--awb-spacing-left-medium:12.5px;--awb-width-small:100%;--awb-order-small:0;--awb-spacing-right-small:12.5px;--awb-spacing-left-small:12.5px;\"><div class=\"fusion-column-wrapper fusion-column-has-shadow fusion-flex-justify-content-center fusion-content-layout-row\"><i class=\"fb-icon-element-1 fb-icon-element fontawesome-icon fa-quote-left fas circle-no\" style=\"--awb-iconcolor:#d60b51;--awb-iconcolor-hover:rgba(0,0,0,0.85);--awb-circlecolor:#ffffff;--awb-font-size:100px;--awb-margin-top:0;--awb-margin-right:0;--awb-margin-bottom:0;--awb-margin-left:0;--awb-align-self:center;\"><\/i><\/div><\/div><div class=\"fusion-layout-column fusion_builder_column fusion-builder-column-1 fusion_builder_column_3_5 3_5 fusion-flex-column fusion-flex-align-self-flex-start\" style=\"--awb-bg-size:cover;--awb-width-large:60%;--awb-margin-top-large:0px;--awb-spacing-right-large:12.5px;--awb-margin-bottom-large:20px;--awb-spacing-left-large:12.5px;--awb-width-medium:60%;--awb-order-medium:0;--awb-spacing-right-medium:12.5px;--awb-spacing-left-medium:12.5px;--awb-width-small:100%;--awb-order-small:0;--awb-spacing-right-small:12.5px;--awb-spacing-left-small:12.5px;\"><div class=\"fusion-column-wrapper fusion-column-has-shadow fusion-flex-justify-content-flex-start fusion-content-layout-column\"><div class=\"fusion-title title fusion-title-1 fusion-sep-none fusion-title-text fusion-title-size-three\"><h3 class=\"fusion-title-heading title-heading-left\" style=\"margin:0;\"><em>Being a mother makes even a rocker woman like me look for a deep freezer.<\/em><\/h3><\/div><\/div><\/div><div class=\"fusion-layout-column fusion_builder_column fusion-builder-column-2 fusion_builder_column_1_5 1_5 fusion-flex-column fusion-flex-align-self-flex-start\" style=\"--awb-bg-size:cover;--awb-width-large:20%;--awb-margin-top-large:0px;--awb-spacing-right-large:12.5px;--awb-margin-bottom-large:0px;--awb-spacing-left-large:12.5px;--awb-width-medium:20%;--awb-order-medium:0;--awb-spacing-right-medium:12.5px;--awb-spacing-left-medium:12.5px;--awb-width-small:100%;--awb-order-small:0;--awb-spacing-right-small:12.5px;--awb-spacing-left-small:12.5px;\"><div class=\"fusion-column-wrapper fusion-column-has-shadow fusion-flex-justify-content-center fusion-content-layout-row\"><i class=\"fb-icon-element-2 fb-icon-element fontawesome-icon fa-quote-right fas circle-no\" style=\"--awb-iconcolor:#d60b51;--awb-iconcolor-hover:rgba(0,0,0,0.85);--awb-circlecolor:#ffffff;--awb-font-size:100px;--awb-margin-top:0;--awb-margin-right:0;--awb-margin-bottom:0;--awb-margin-left:0;--awb-align-self:center;\"><\/i><\/div><\/div><\/div><\/div><div class=\"fusion-fullwidth fullwidth-box fusion-builder-row-2 fusion-flex-container nonhundred-percent-fullwidth non-hundred-percent-height-scrolling\" style=\"--awb-border-radius-top-left:0px;--awb-border-radius-top-right:0px;--awb-border-radius-bottom-right:0px;--awb-border-radius-bottom-left:0px;--awb-padding-bottom:0px;--awb-margin-bottom:0px;--awb-flex-wrap:wrap;\" ><div class=\"fusion-builder-row fusion-row fusion-flex-align-items-center fusion-flex-justify-content-space-around fusion-flex-content-wrap\" style=\"max-width:calc( 1200px + 25px );margin-left: calc(-25px \/ 2 );margin-right: calc(-25px \/ 2 );\"><div class=\"fusion-layout-column fusion_builder_column fusion-builder-column-3 fusion_builder_column_1_5 1_5 fusion-flex-column fusion-flex-align-self-flex-start\" style=\"--awb-padding-bottom:10px;--awb-bg-size:cover;--awb-width-large:20%;--awb-margin-top-large:0px;--awb-spacing-right-large:12.5px;--awb-margin-bottom-large:0px;--awb-spacing-left-large:12.5px;--awb-width-medium:20%;--awb-order-medium:0;--awb-spacing-right-medium:12.5px;--awb-spacing-left-medium:12.5px;--awb-width-small:100%;--awb-order-small:0;--awb-spacing-right-small:12.5px;--awb-spacing-left-small:12.5px;\"><div class=\"fusion-column-wrapper fusion-column-has-shadow fusion-flex-justify-content-center fusion-content-layout-row\"><i class=\"fb-icon-element-3 fb-icon-element fontawesome-icon fa-quote-left fas circle-no\" style=\"--awb-iconcolor:#d60b51;--awb-iconcolor-hover:rgba(0,0,0,0.85);--awb-circlecolor:#ffffff;--awb-font-size:100px;--awb-margin-top:0;--awb-margin-right:0;--awb-margin-bottom:0;--awb-margin-left:0;--awb-align-self:center;\"><\/i><\/div><\/div><div class=\"fusion-layout-column fusion_builder_column fusion-builder-column-4 fusion_builder_column_3_5 3_5 fusion-flex-column fusion-flex-align-self-flex-start\" style=\"--awb-bg-size:cover;--awb-width-large:60%;--awb-margin-top-large:0px;--awb-spacing-right-large:12.5px;--awb-margin-bottom-large:20px;--awb-spacing-left-large:12.5px;--awb-width-medium:60%;--awb-order-medium:0;--awb-spacing-right-medium:12.5px;--awb-spacing-left-medium:12.5px;--awb-width-small:100%;--awb-order-small:0;--awb-spacing-right-small:12.5px;--awb-spacing-left-small:12.5px;\"><div class=\"fusion-column-wrapper fusion-column-has-shadow fusion-flex-justify-content-flex-start fusion-content-layout-column\"><div class=\"fusion-title title fusion-title-2 fusion-sep-none fusion-title-text fusion-title-size-three\"><h3 class=\"fusion-title-heading title-heading-left\" style=\"margin:0;\"><em>I am not a very well-groomed woman, but my husband did not cheat on me.<\/em><\/h3><\/div><\/div><\/div><div class=\"fusion-layout-column fusion_builder_column fusion-builder-column-5 fusion_builder_column_1_5 1_5 fusion-flex-column fusion-flex-align-self-flex-start\" style=\"--awb-bg-size:cover;--awb-width-large:20%;--awb-margin-top-large:0px;--awb-spacing-right-large:12.5px;--awb-margin-bottom-large:0px;--awb-spacing-left-large:12.5px;--awb-width-medium:20%;--awb-order-medium:0;--awb-spacing-right-medium:12.5px;--awb-spacing-left-medium:12.5px;--awb-width-small:100%;--awb-order-small:0;--awb-spacing-right-small:12.5px;--awb-spacing-left-small:12.5px;\"><div class=\"fusion-column-wrapper fusion-column-has-shadow fusion-flex-justify-content-center fusion-content-layout-row\"><i class=\"fb-icon-element-4 fb-icon-element fontawesome-icon fa-quote-right fas circle-no\" style=\"--awb-iconcolor:#d60b51;--awb-iconcolor-hover:rgba(0,0,0,0.85);--awb-circlecolor:#ffffff;--awb-font-size:100px;--awb-margin-top:0;--awb-margin-right:0;--awb-margin-bottom:0;--awb-margin-left:0;--awb-align-self:center;\"><\/i><\/div><\/div><\/div><\/div><div class=\"fusion-fullwidth fullwidth-box fusion-builder-row-3 fusion-flex-container nonhundred-percent-fullwidth non-hundred-percent-height-scrolling\" style=\"--awb-border-radius-top-left:0px;--awb-border-radius-top-right:0px;--awb-border-radius-bottom-right:0px;--awb-border-radius-bottom-left:0px;--awb-flex-wrap:wrap;\" ><div class=\"fusion-builder-row fusion-row fusion-flex-align-items-flex-start fusion-flex-content-wrap\" style=\"max-width:calc( 1200px + 25px );margin-left: calc(-25px \/ 2 );margin-right: calc(-25px \/ 2 );\"><div class=\"fusion-layout-column fusion_builder_column fusion-builder-column-6 fusion_builder_column_1_1 1_1 fusion-flex-column\" style=\"--awb-bg-size:cover;--awb-width-large:100%;--awb-margin-top-large:0px;--awb-spacing-right-large:12.5px;--awb-margin-bottom-large:20px;--awb-spacing-left-large:12.5px;--awb-width-medium:100%;--awb-order-medium:0;--awb-spacing-right-medium:12.5px;--awb-spacing-left-medium:12.5px;--awb-width-small:100%;--awb-order-small:0;--awb-spacing-right-small:12.5px;--awb-spacing-left-small:12.5px;\"><div class=\"fusion-column-wrapper fusion-column-has-shadow fusion-flex-justify-content-flex-start fusion-content-layout-column\"><div class=\"fusion-title title fusion-title-3 fusion-sep-none fusion-title-text fusion-title-size-six\"><h6 class=\"fusion-title-heading title-heading-left\" style=\"margin:0;\">Social platforms and other sharing channels are as valuable as an ore. What we do is to examine these data sources with our deep understanding, as always, and interpret what we have acquired.<\/h6><\/div><\/div><\/div><\/div><\/div><div class=\"fusion-fullwidth fullwidth-box fusion-builder-row-4 fusion-flex-container nonhundred-percent-fullwidth non-hundred-percent-height-scrolling\" style=\"--awb-border-radius-top-left:0px;--awb-border-radius-top-right:0px;--awb-border-radius-bottom-right:0px;--awb-border-radius-bottom-left:0px;--awb-background-color:rgba(0,0,0,0.85);--awb-flex-wrap:wrap;\" ><div class=\"fusion-builder-row fusion-row fusion-flex-align-items-flex-start fusion-flex-content-wrap\" style=\"max-width:calc( 1200px + 25px );margin-left: calc(-25px \/ 2 );margin-right: calc(-25px \/ 2 );\"><div class=\"fusion-layout-column fusion_builder_column fusion-builder-column-7 fusion_builder_column_1_1 1_1 fusion-flex-column\" style=\"--awb-padding-top:50px;--awb-bg-size:cover;--awb-width-large:100%;--awb-margin-top-large:0px;--awb-spacing-right-large:12.5px;--awb-margin-bottom-large:50px;--awb-spacing-left-large:12.5px;--awb-width-medium:100%;--awb-order-medium:0;--awb-spacing-right-medium:12.5px;--awb-spacing-left-medium:12.5px;--awb-width-small:100%;--awb-order-small:0;--awb-spacing-right-small:12.5px;--awb-spacing-left-small:12.5px;\"><div class=\"fusion-column-wrapper fusion-column-has-shadow fusion-flex-justify-content-flex-start fusion-content-layout-column\"><div class=\"fusion-title title fusion-title-4 fusion-sep-none fusion-title-text fusion-title-size-three\" style=\"--awb-text-color:#ffffff;\"><h3 class=\"fusion-title-heading title-heading-left\" style=\"margin:0;\">Discoveries<\/h3><\/div><div class=\"fusion-separator\" style=\"align-self: flex-start;margin-right:auto;margin-bottom:25px;width:100%;max-width:250px;\"><div class=\"fusion-separator-border sep-single\" style=\"--awb-height:20px;--awb-amount:20px;border-color:#d60b51;border-top-width:4px;\"><\/div><\/div><ul style=\"--awb-line-height:27.2px;--awb-icon-width:27.2px;--awb-icon-height:27.2px;--awb-icon-margin:11.2px;--awb-content-margin:38.4px;--awb-circlecolor:#d60b51;--awb-circle-yes-font-size:14.08px;\" class=\"fusion-checklist fusion-checklist-1 fusion-checklist-default fusion-checklist-divider type-icons\"><li class=\"fusion-li-item\" style=\"\"><span class=\"icon-wrapper circle-yes\"><i class=\"fusion-li-icon fa-plus fas\" aria-hidden=\"true\"><\/i><\/span><div class=\"fusion-li-item-content\"><span style=\"color: #ffffff\">Complaints and their underlying psychology<\/span><\/div><\/li><li class=\"fusion-li-item\" style=\"\"><span class=\"icon-wrapper circle-yes\"><i class=\"fusion-li-icon fa-plus fas\" aria-hidden=\"true\"><\/i><\/span><div class=\"fusion-li-item-content\"><span style=\"color: #ffffff\">Experiences and their effect on the person<\/span><\/div><\/li><li class=\"fusion-li-item\" style=\"\"><span class=\"icon-wrapper circle-yes\"><i class=\"fusion-li-icon fa-plus fas\" aria-hidden=\"true\"><\/i><\/span><div class=\"fusion-li-item-content\"><span style=\"color: #ffffff\">The main parameters that affect the buying behaviors<\/span><\/div><\/li><li class=\"fusion-li-item\" style=\"\"><span class=\"icon-wrapper circle-yes\"><i class=\"fusion-li-icon fa-plus fas\" aria-hidden=\"true\"><\/i><\/span><div class=\"fusion-li-item-content\"><span style=\"color: #ffffff\">Superstitions and false facts<\/span><\/div><\/li><li class=\"fusion-li-item\" style=\"\"><span class=\"icon-wrapper circle-yes\"><i class=\"fusion-li-icon fa-plus fas\" aria-hidden=\"true\"><\/i><\/span><div class=\"fusion-li-item-content\"><span style=\"color: #ffffff\">Information about the purchasing process<\/span><\/div><\/li><li class=\"fusion-li-item\" style=\"\"><span class=\"icon-wrapper circle-yes\"><i class=\"fusion-li-icon fa-plus fas\" aria-hidden=\"true\"><\/i><\/span><div class=\"fusion-li-item-content\"><span style=\"color: #ffffff\">Insights about the rival brands<\/span><\/div><\/li><\/ul><\/div><\/div><\/div><\/div><div class=\"fusion-fullwidth fullwidth-box fusion-builder-row-5 fusion-flex-container nonhundred-percent-fullwidth non-hundred-percent-height-scrolling\" style=\"--awb-border-radius-top-left:0px;--awb-border-radius-top-right:0px;--awb-border-radius-bottom-right:0px;--awb-border-radius-bottom-left:0px;--awb-padding-top:50px;--awb-flex-wrap:wrap;\" ><div class=\"fusion-builder-row fusion-row fusion-flex-align-items-flex-start fusion-flex-content-wrap\" style=\"max-width:calc( 1200px + 25px );margin-left: calc(-25px \/ 2 );margin-right: calc(-25px \/ 2 );\"><div class=\"fusion-layout-column fusion_builder_column fusion-builder-column-8 fusion_builder_column_1_1 1_1 fusion-flex-column\" style=\"--awb-bg-size:cover;--awb-width-large:100%;--awb-margin-top-large:0px;--awb-spacing-right-large:12.5px;--awb-margin-bottom-large:20px;--awb-spacing-left-large:12.5px;--awb-width-medium:100%;--awb-order-medium:0;--awb-spacing-right-medium:12.5px;--awb-spacing-left-medium:12.5px;--awb-width-small:100%;--awb-order-small:0;--awb-spacing-right-small:12.5px;--awb-spacing-left-small:12.5px;\"><div class=\"fusion-column-wrapper fusion-column-has-shadow fusion-flex-justify-content-flex-start fusion-content-layout-column\"><div class=\"fusion-title title fusion-title-5 fusion-sep-none fusion-title-text fusion-title-size-three\"><h3 class=\"fusion-title-heading title-heading-left\" style=\"margin:0;\">Netnography: Netnosphere Cases<\/h3><\/div><div class=\"fusion-separator\" style=\"align-self: flex-start;margin-right:auto;margin-bottom:25px;width:100%;max-width:250px;\"><div class=\"fusion-separator-border sep-single\" style=\"--awb-height:20px;--awb-amount:20px;border-color:#d60b51;border-top-width:4px;\"><\/div><\/div><div class=\"fusion-recent-works fusion-portfolio-element fusion-portfolio fusion-portfolio-1 fusion-portfolio-carousel fusion-portfolio-paging-pagination recent-works-carousel portfolio-carousel picture-size-auto\" data-id=\"-rw-1\"><div class=\"awb-carousel awb-swiper awb-swiper-carousel\" style=\"--awb-columns:3;\" data-autoplay=\"no\" data-columns=\"3\" data-itemmargin=\"30\" data-itemwidth=\"180\" data-touchscroll=\"no\" data-imagesize=\"auto\"><div class=\"swiper-wrapper\"><\/div><div class=\"awb-swiper-button awb-swiper-button-prev\"><i class=\"awb-icon-angle-left\" aria-hidden=\"true\"><\/i><\/div><div class=\"awb-swiper-button awb-swiper-button-next\"><i class=\"awb-icon-angle-right\" aria-hidden=\"true\"><\/i><\/div><\/div><\/div><\/div><\/div><\/div><\/div><\/p>\n","protected":false},"excerpt":{"rendered":"","protected":false},"author":1,"featured_media":0,"parent":1568,"menu_order":0,"comment_status":"closed","ping_status":"closed","template":"100-width.php","meta":{"footnotes":""},"class_list":["post-1853","page","type-page","status-publish","hentry"],"yoast_head":"<!-- This site is optimized with the Yoast SEO plugin v27.4 - https:\/\/yoast.com\/product\/yoast-seo-wordpress\/ -->\n<title>Netnography: Netnosphere - Goodjob Marka Dan\u0131\u015fmanl\u0131\u011f\u0131<\/title>\n<meta name=\"robots\" content=\"index, follow, max-snippet:-1, max-image-preview:large, max-video-preview:-1\" \/>\n<link rel=\"canonical\" href=\"https:\/\/goodjob.com.tr\/en\/services\/insight-and-research\/ethnographic-research\/netnography-netnosphere\/\" \/>\n<meta property=\"og:locale\" content=\"en_US\" \/>\n<meta property=\"og:type\" content=\"article\" \/>\n<meta property=\"og:title\" content=\"Netnography: Netnosphere - Goodjob Marka Dan\u0131\u015fmanl\u0131\u011f\u0131\" \/>\n<meta property=\"og:url\" content=\"https:\/\/goodjob.com.tr\/en\/services\/insight-and-research\/ethnographic-research\/netnography-netnosphere\/\" \/>\n<meta property=\"og:site_name\" content=\"Goodjob Marka Dan\u0131\u015fmanl\u0131\u011f\u0131\" \/>\n<meta property=\"article:modified_time\" content=\"2021-05-10T16:48:42+00:00\" \/>\n<meta name=\"twitter:card\" content=\"summary_large_image\" \/>\n<meta name=\"twitter:label1\" content=\"Est. reading time\" \/>\n\t<meta name=\"twitter:data1\" content=\"19 minutes\" \/>\n<script type=\"application\/ld+json\" class=\"yoast-schema-graph\">{\"@context\":\"https:\\\/\\\/schema.org\",\"@graph\":[{\"@type\":\"WebPage\",\"@id\":\"https:\\\/\\\/goodjob.com.tr\\\/en\\\/services\\\/insight-and-research\\\/ethnographic-research\\\/netnography-netnosphere\\\/\",\"url\":\"https:\\\/\\\/goodjob.com.tr\\\/en\\\/services\\\/insight-and-research\\\/ethnographic-research\\\/netnography-netnosphere\\\/\",\"name\":\"Netnography: Netnosphere - Goodjob Marka Dan\u0131\u015fmanl\u0131\u011f\u0131\",\"isPartOf\":{\"@id\":\"https:\\\/\\\/goodjob.com.tr\\\/en\\\/#website\"},\"datePublished\":\"2020-10-26T19:37:10+00:00\",\"dateModified\":\"2021-05-10T16:48:42+00:00\",\"breadcrumb\":{\"@id\":\"https:\\\/\\\/goodjob.com.tr\\\/en\\\/services\\\/insight-and-research\\\/ethnographic-research\\\/netnography-netnosphere\\\/#breadcrumb\"},\"inLanguage\":\"en-US\",\"potentialAction\":[{\"@type\":\"ReadAction\",\"target\":[\"https:\\\/\\\/goodjob.com.tr\\\/en\\\/services\\\/insight-and-research\\\/ethnographic-research\\\/netnography-netnosphere\\\/\"]}]},{\"@type\":\"BreadcrumbList\",\"@id\":\"https:\\\/\\\/goodjob.com.tr\\\/en\\\/services\\\/insight-and-research\\\/ethnographic-research\\\/netnography-netnosphere\\\/#breadcrumb\",\"itemListElement\":[{\"@type\":\"ListItem\",\"position\":1,\"name\":\"Ana sayfa\",\"item\":\"https:\\\/\\\/goodjob.com.tr\\\/en\\\/\"},{\"@type\":\"ListItem\",\"position\":2,\"name\":\"Services\",\"item\":\"https:\\\/\\\/goodjob.com.tr\\\/en\\\/hizmetler\\\/\"},{\"@type\":\"ListItem\",\"position\":3,\"name\":\"Insight and Research\",\"item\":\"https:\\\/\\\/goodjob.com.tr\\\/en\\\/hizmetler\\\/icgoru-ve-arastirma\\\/\"},{\"@type\":\"ListItem\",\"position\":4,\"name\":\"Ethnographic Research\",\"item\":\"https:\\\/\\\/en.goodjob.com.tr\\\/en\\\/services\\\/insight-and-research\\\/ethnographic-research\\\/\"},{\"@type\":\"ListItem\",\"position\":5,\"name\":\"Netnography: Netnosphere\"}]},{\"@type\":\"WebSite\",\"@id\":\"https:\\\/\\\/goodjob.com.tr\\\/en\\\/#website\",\"url\":\"https:\\\/\\\/goodjob.com.tr\\\/en\\\/\",\"name\":\"Goodjob Marka Dan\u0131\u015fmanl\u0131\u011f\u0131\",\"description\":\"G\u00fc\u00e7l\u00fc markalar sadece derinli\u011fin g\u00fcc\u00fcyle var olur.\",\"publisher\":{\"@id\":\"https:\\\/\\\/goodjob.com.tr\\\/en\\\/#organization\"},\"potentialAction\":[{\"@type\":\"SearchAction\",\"target\":{\"@type\":\"EntryPoint\",\"urlTemplate\":\"https:\\\/\\\/goodjob.com.tr\\\/en\\\/?s={search_term_string}\"},\"query-input\":{\"@type\":\"PropertyValueSpecification\",\"valueRequired\":true,\"valueName\":\"search_term_string\"}}],\"inLanguage\":\"en-US\"},{\"@type\":\"Organization\",\"@id\":\"https:\\\/\\\/goodjob.com.tr\\\/en\\\/#organization\",\"name\":\"Goodjob Human Insight, Strategy & Branding\",\"url\":\"https:\\\/\\\/goodjob.com.tr\\\/en\\\/\",\"logo\":{\"@type\":\"ImageObject\",\"inLanguage\":\"en-US\",\"@id\":\"https:\\\/\\\/goodjob.com.tr\\\/en\\\/#\\\/schema\\\/logo\\\/image\\\/\",\"url\":\"https:\\\/\\\/goodjob.com.tr\\\/wp-content\\\/uploads\\\/2020\\\/10\\\/GJ_Logo.png\",\"contentUrl\":\"https:\\\/\\\/goodjob.com.tr\\\/wp-content\\\/uploads\\\/2020\\\/10\\\/GJ_Logo.png\",\"width\":500,\"height\":60,\"caption\":\"Goodjob Human Insight, Strategy & Branding\"},\"image\":{\"@id\":\"https:\\\/\\\/goodjob.com.tr\\\/en\\\/#\\\/schema\\\/logo\\\/image\\\/\"}}]}<\/script>\n<!-- \/ Yoast SEO plugin. -->","yoast_head_json":{"title":"Netnography: Netnosphere - Goodjob Marka Dan\u0131\u015fmanl\u0131\u011f\u0131","robots":{"index":"index","follow":"follow","max-snippet":"max-snippet:-1","max-image-preview":"max-image-preview:large","max-video-preview":"max-video-preview:-1"},"canonical":"https:\/\/goodjob.com.tr\/en\/services\/insight-and-research\/ethnographic-research\/netnography-netnosphere\/","og_locale":"en_US","og_type":"article","og_title":"Netnography: Netnosphere - Goodjob Marka Dan\u0131\u015fmanl\u0131\u011f\u0131","og_url":"https:\/\/goodjob.com.tr\/en\/services\/insight-and-research\/ethnographic-research\/netnography-netnosphere\/","og_site_name":"Goodjob Marka Dan\u0131\u015fmanl\u0131\u011f\u0131","article_modified_time":"2021-05-10T16:48:42+00:00","twitter_card":"summary_large_image","twitter_misc":{"Est. reading time":"19 minutes"},"schema":{"@context":"https:\/\/schema.org","@graph":[{"@type":"WebPage","@id":"https:\/\/goodjob.com.tr\/en\/services\/insight-and-research\/ethnographic-research\/netnography-netnosphere\/","url":"https:\/\/goodjob.com.tr\/en\/services\/insight-and-research\/ethnographic-research\/netnography-netnosphere\/","name":"Netnography: Netnosphere - Goodjob Marka Dan\u0131\u015fmanl\u0131\u011f\u0131","isPartOf":{"@id":"https:\/\/goodjob.com.tr\/en\/#website"},"datePublished":"2020-10-26T19:37:10+00:00","dateModified":"2021-05-10T16:48:42+00:00","breadcrumb":{"@id":"https:\/\/goodjob.com.tr\/en\/services\/insight-and-research\/ethnographic-research\/netnography-netnosphere\/#breadcrumb"},"inLanguage":"en-US","potentialAction":[{"@type":"ReadAction","target":["https:\/\/goodjob.com.tr\/en\/services\/insight-and-research\/ethnographic-research\/netnography-netnosphere\/"]}]},{"@type":"BreadcrumbList","@id":"https:\/\/goodjob.com.tr\/en\/services\/insight-and-research\/ethnographic-research\/netnography-netnosphere\/#breadcrumb","itemListElement":[{"@type":"ListItem","position":1,"name":"Ana sayfa","item":"https:\/\/goodjob.com.tr\/en\/"},{"@type":"ListItem","position":2,"name":"Services","item":"https:\/\/goodjob.com.tr\/en\/hizmetler\/"},{"@type":"ListItem","position":3,"name":"Insight and Research","item":"https:\/\/goodjob.com.tr\/en\/hizmetler\/icgoru-ve-arastirma\/"},{"@type":"ListItem","position":4,"name":"Ethnographic Research","item":"https:\/\/en.goodjob.com.tr\/en\/services\/insight-and-research\/ethnographic-research\/"},{"@type":"ListItem","position":5,"name":"Netnography: Netnosphere"}]},{"@type":"WebSite","@id":"https:\/\/goodjob.com.tr\/en\/#website","url":"https:\/\/goodjob.com.tr\/en\/","name":"Goodjob Marka Dan\u0131\u015fmanl\u0131\u011f\u0131","description":"G\u00fc\u00e7l\u00fc markalar sadece derinli\u011fin g\u00fcc\u00fcyle var olur.","publisher":{"@id":"https:\/\/goodjob.com.tr\/en\/#organization"},"potentialAction":[{"@type":"SearchAction","target":{"@type":"EntryPoint","urlTemplate":"https:\/\/goodjob.com.tr\/en\/?s={search_term_string}"},"query-input":{"@type":"PropertyValueSpecification","valueRequired":true,"valueName":"search_term_string"}}],"inLanguage":"en-US"},{"@type":"Organization","@id":"https:\/\/goodjob.com.tr\/en\/#organization","name":"Goodjob Human Insight, Strategy & Branding","url":"https:\/\/goodjob.com.tr\/en\/","logo":{"@type":"ImageObject","inLanguage":"en-US","@id":"https:\/\/goodjob.com.tr\/en\/#\/schema\/logo\/image\/","url":"https:\/\/goodjob.com.tr\/wp-content\/uploads\/2020\/10\/GJ_Logo.png","contentUrl":"https:\/\/goodjob.com.tr\/wp-content\/uploads\/2020\/10\/GJ_Logo.png","width":500,"height":60,"caption":"Goodjob Human Insight, Strategy & Branding"},"image":{"@id":"https:\/\/goodjob.com.tr\/en\/#\/schema\/logo\/image\/"}}]}},"_links":{"self":[{"href":"https:\/\/goodjob.com.tr\/en\/wp-json\/wp\/v2\/pages\/1853","targetHints":{"allow":["GET"]}}],"collection":[{"href":"https:\/\/goodjob.com.tr\/en\/wp-json\/wp\/v2\/pages"}],"about":[{"href":"https:\/\/goodjob.com.tr\/en\/wp-json\/wp\/v2\/types\/page"}],"author":[{"embeddable":true,"href":"https:\/\/goodjob.com.tr\/en\/wp-json\/wp\/v2\/users\/1"}],"replies":[{"embeddable":true,"href":"https:\/\/goodjob.com.tr\/en\/wp-json\/wp\/v2\/comments?post=1853"}],"version-history":[{"count":16,"href":"https:\/\/goodjob.com.tr\/en\/wp-json\/wp\/v2\/pages\/1853\/revisions"}],"predecessor-version":[{"id":1869,"href":"https:\/\/goodjob.com.tr\/en\/wp-json\/wp\/v2\/pages\/1853\/revisions\/1869"}],"up":[{"embeddable":true,"href":"https:\/\/goodjob.com.tr\/en\/wp-json\/wp\/v2\/pages\/1568"}],"wp:attachment":[{"href":"https:\/\/goodjob.com.tr\/en\/wp-json\/wp\/v2\/media?parent=1853"}],"curies":[{"name":"wp","href":"https:\/\/api.w.org\/{rel}","templated":true}]}}