{"id":1827,"date":"2020-10-26T19:27:17","date_gmt":"2020-10-26T16:27:17","guid":{"rendered":"https:\/\/goodjob.com.tr\/mirror\/"},"modified":"2021-05-10T15:39:32","modified_gmt":"2021-05-10T15:39:32","slug":"mirror","status":"publish","type":"page","link":"https:\/\/goodjob.com.tr\/en\/services\/insight-and-research\/subconscious-research\/mirror\/","title":{"rendered":"Mirror \u2122"},"content":{"rendered":"<p><div class=\"fusion-fullwidth fullwidth-box fusion-builder-row-1 fusion-flex-container nonhundred-percent-fullwidth non-hundred-percent-height-scrolling\" style=\"--awb-border-radius-top-left:0px;--awb-border-radius-top-right:0px;--awb-border-radius-bottom-right:0px;--awb-border-radius-bottom-left:0px;--awb-flex-wrap:wrap;\" ><div class=\"fusion-builder-row fusion-row fusion-flex-align-items-flex-start fusion-flex-content-wrap\" style=\"max-width:calc( 1200px + 25px );margin-left: calc(-25px \/ 2 );margin-right: calc(-25px \/ 2 );\"><div class=\"fusion-layout-column fusion_builder_column fusion-builder-column-0 fusion_builder_column_1_1 1_1 fusion-flex-column\" style=\"--awb-bg-size:cover;--awb-width-large:100%;--awb-margin-top-large:0px;--awb-spacing-right-large:12.5px;--awb-margin-bottom-large:20px;--awb-spacing-left-large:12.5px;--awb-width-medium:100%;--awb-order-medium:0;--awb-spacing-right-medium:12.5px;--awb-spacing-left-medium:12.5px;--awb-width-small:100%;--awb-order-small:0;--awb-spacing-right-small:12.5px;--awb-spacing-left-small:12.5px;\"><div class=\"fusion-column-wrapper fusion-column-has-shadow fusion-flex-justify-content-flex-start fusion-content-layout-column\"><div class=\"fusion-title title fusion-title-1 fusion-sep-none fusion-title-text fusion-title-size-six\"><h6 class=\"fusion-title-heading title-heading-left\" style=\"margin:0;\">The Mirror \u2122 research model speaks its language to access the primitive and emotional brain. It uses the action and visual world that reach the primitive and emotional brain to access the subconscious.<\/h6><\/div><div class=\"fusion-title title fusion-title-2 fusion-sep-none fusion-title-text fusion-title-size-six\"><h6 class=\"fusion-title-heading title-heading-left\" style=\"margin:0;\">Mirror \u2122 research model yields very effective results, especially in categories with immediate purchases.<\/h6><\/div><\/div><\/div><div class=\"fusion-layout-column fusion_builder_column fusion-builder-column-1 fusion_builder_column_1_1 1_1 fusion-flex-column\" style=\"--awb-bg-size:cover;--awb-width-large:100%;--awb-margin-top-large:0px;--awb-spacing-right-large:12.5px;--awb-margin-bottom-large:20px;--awb-spacing-left-large:12.5px;--awb-width-medium:100%;--awb-order-medium:0;--awb-spacing-right-medium:12.5px;--awb-spacing-left-medium:12.5px;--awb-width-small:100%;--awb-order-small:0;--awb-spacing-right-small:12.5px;--awb-spacing-left-small:12.5px;\"><div class=\"fusion-column-wrapper fusion-column-has-shadow fusion-flex-justify-content-flex-start fusion-content-layout-column\"><div class=\"fusion-title title fusion-title-3 fusion-sep-none fusion-title-text fusion-title-size-three\"><h3 class=\"fusion-title-heading title-heading-left\" style=\"margin:0;\">Method<\/h3><\/div><div class=\"fusion-separator\" style=\"align-self: flex-start;margin-right:auto;margin-bottom:25px;width:100%;max-width:250px;\"><div class=\"fusion-separator-border sep-single\" style=\"--awb-height:20px;--awb-amount:20px;border-color:#d60b51;border-top-width:4px;\"><\/div><\/div><div class=\"fusion-title title fusion-title-4 fusion-sep-none fusion-title-text fusion-title-size-six\" style=\"--awb-margin-bottom:40px;\"><h6 class=\"fusion-title-heading title-heading-left\" style=\"margin:0;\"><strong>Mirror \u2122 bases on two things.<\/strong><\/h6><\/div><div class=\"fusion-flip-boxes flip-boxes row fusion-columns-2 flip-effect-classic equal-heights\" style=\"--awb-flip-duration:0.8s;\"><div class=\"fusion-flip-box-wrapper fusion-column col-lg-6 col-md-6 col-sm-6\"><div class=\"fusion-flip-box flip-up\" tabindex=\"0\"><div class=\"flip-box-inner-wrapper\"><div class=\"flip-box-front\" style=\"--awb-border-size:0px;--awb-background-color-front:rgba(0,0,0,0.85);\"><div class=\"flip-box-front-inner\"><h2 class=\"flip-box-heading without-text\">Psychodrama<\/h2><\/div><\/div><div class=\"flip-box-back\" style=\"--awb-border-size:0px;--awb-background-color-back:#d60b51;--awb-title-back-color:rgba(255,255,255,0.5);--awb-text-back-color:#ffffff;\"><div class=\"flip-box-back-inner\"><h3 class=\"flip-box-heading-back\">Psychodrama<\/h3>\n<p>The feelings and thoughts of people are not asked directly. They are converted into action.<\/p>\n<\/div><\/div><\/div><\/div><\/div><div class=\"fusion-flip-box-wrapper fusion-column col-lg-6 col-md-6 col-sm-6\"><div class=\"fusion-flip-box flip-up\" tabindex=\"0\"><div class=\"flip-box-inner-wrapper\"><div class=\"flip-box-front\" style=\"--awb-border-size:0px;--awb-background-color-front:rgba(0,0,0,0.85);\"><div class=\"flip-box-front-inner\"><h2 class=\"flip-box-heading without-text\">Art Therapy<\/h2><\/div><\/div><div class=\"flip-box-back\" style=\"--awb-border-size:0px;--awb-background-color-back:#d60b51;--awb-title-back-color:rgba(255,255,255,0.5);--awb-text-back-color:#ffffff;\"><div class=\"flip-box-back-inner\"><h3 class=\"flip-box-heading-back\">Art Therapy<\/h3>Art is used as a tool. Many artistic actions such as illustration, photography, collage, architecture play an active role in traveling to the inner world of the person.<\/div><\/div><\/div><\/div><\/div><\/div><div class=\"fusion-title title fusion-title-5 fusion-sep-none fusion-title-text fusion-title-size-six\"><h6 class=\"fusion-title-heading title-heading-left\" style=\"margin:0;\">The whole process is carried out by expert psychologists trained in psychodrama. It can be carried out both individually and as a group.<\/h6><\/div><\/div><\/div><\/div><\/div><div class=\"fusion-fullwidth fullwidth-box fusion-builder-row-2 fusion-flex-container nonhundred-percent-fullwidth non-hundred-percent-height-scrolling\" style=\"--awb-border-radius-top-left:0px;--awb-border-radius-top-right:0px;--awb-border-radius-bottom-right:0px;--awb-border-radius-bottom-left:0px;--awb-padding-bottom:50px;--awb-background-color:rgba(0,0,0,0.85);--awb-flex-wrap:wrap;\" ><div class=\"fusion-builder-row fusion-row fusion-flex-align-items-flex-start fusion-flex-content-wrap\" style=\"max-width:calc( 1200px + 25px );margin-left: calc(-25px \/ 2 );margin-right: calc(-25px \/ 2 );\"><div class=\"fusion-layout-column fusion_builder_column fusion-builder-column-2 fusion_builder_column_1_1 1_1 fusion-flex-column\" style=\"--awb-padding-top:50px;--awb-bg-size:cover;--awb-width-large:100%;--awb-margin-top-large:0px;--awb-spacing-right-large:12.5px;--awb-margin-bottom-large:20px;--awb-spacing-left-large:12.5px;--awb-width-medium:100%;--awb-order-medium:0;--awb-spacing-right-medium:12.5px;--awb-spacing-left-medium:12.5px;--awb-width-small:100%;--awb-order-small:0;--awb-spacing-right-small:12.5px;--awb-spacing-left-small:12.5px;\"><div class=\"fusion-column-wrapper fusion-column-has-shadow fusion-flex-justify-content-flex-start fusion-content-layout-column\"><div class=\"fusion-title title fusion-title-6 fusion-sep-none fusion-title-text fusion-title-size-three\" style=\"--awb-text-color:#ffffff;\"><h3 class=\"fusion-title-heading title-heading-left\" style=\"margin:0;\">Outcomes<\/h3><\/div><div class=\"fusion-separator\" style=\"align-self: flex-start;margin-right:auto;margin-bottom:25px;width:100%;max-width:250px;\"><div class=\"fusion-separator-border sep-single\" style=\"--awb-height:20px;--awb-amount:20px;border-color:#d60b51;border-top-width:4px;\"><\/div><\/div><ul style=\"--awb-line-height:27.2px;--awb-icon-width:27.2px;--awb-icon-height:27.2px;--awb-icon-margin:11.2px;--awb-content-margin:38.4px;--awb-circlecolor:#d60b51;--awb-circle-yes-font-size:14.08px;\" class=\"fusion-checklist fusion-checklist-1 fusion-checklist-default fusion-checklist-divider type-icons\"><li class=\"fusion-li-item\" style=\"\"><span class=\"icon-wrapper circle-yes\"><i class=\"fusion-li-icon awb-icon-check\" aria-hidden=\"true\"><\/i><\/span><div class=\"fusion-li-item-content\"><span style=\"color: #ffffff\">Pain points and these pain relief tools of the brand<\/span><\/div><\/li><li class=\"fusion-li-item\" style=\"\"><span class=\"icon-wrapper circle-yes\"><i class=\"fusion-li-icon awb-icon-check\" aria-hidden=\"true\"><\/i><\/span><div class=\"fusion-li-item-content\"><span style=\"color: #ffffff\">Pleasure points and their transformation into a brand value proposition<\/span><\/div><\/li><li class=\"fusion-li-item\" style=\"\"><span class=\"icon-wrapper circle-yes\"><i class=\"fusion-li-icon awb-icon-check\" aria-hidden=\"true\"><\/i><\/span><div class=\"fusion-li-item-content\"><span style=\"color: #ffffff\">Collective (social) values \u200b\u200band judgments regarding the subject\/brand\/product<\/span><\/div><\/li><li class=\"fusion-li-item\" style=\"\"><span class=\"icon-wrapper circle-yes\"><i class=\"fusion-li-icon awb-icon-check\" aria-hidden=\"true\"><\/i><\/span><div class=\"fusion-li-item-content\"><span style=\"color: #ffffff\">The emotions that are awoken in the person by the subject\/brand\/product<\/span><\/div><\/li><li class=\"fusion-li-item\" style=\"\"><span class=\"icon-wrapper circle-yes\"><i class=\"fusion-li-icon awb-icon-check\" aria-hidden=\"true\"><\/i><\/span><div class=\"fusion-li-item-content\"><span style=\"color: #ffffff\">The genuine value and function people attribute to the category<\/span><\/div><\/li><li class=\"fusion-li-item\" style=\"\"><span class=\"icon-wrapper circle-yes\"><i class=\"fusion-li-icon awb-icon-check\" aria-hidden=\"true\"><\/i><\/span><div class=\"fusion-li-item-content\"><span style=\"color: #ffffff\">The perception of the people regarding the brand and their subconscious reasons<\/span><\/div><\/li><\/ul><\/div><\/div><\/div><\/div><div class=\"fusion-fullwidth fullwidth-box fusion-builder-row-3 fusion-flex-container nonhundred-percent-fullwidth non-hundred-percent-height-scrolling\" style=\"--awb-border-radius-top-left:0px;--awb-border-radius-top-right:0px;--awb-border-radius-bottom-right:0px;--awb-border-radius-bottom-left:0px;--awb-padding-top:50px;--awb-flex-wrap:wrap;\" ><div class=\"fusion-builder-row fusion-row fusion-flex-align-items-flex-start fusion-flex-content-wrap\" style=\"max-width:calc( 1200px + 25px );margin-left: calc(-25px \/ 2 );margin-right: calc(-25px \/ 2 );\"><div class=\"fusion-layout-column fusion_builder_column fusion-builder-column-3 fusion_builder_column_1_1 1_1 fusion-flex-column\" style=\"--awb-bg-size:cover;--awb-width-large:100%;--awb-margin-top-large:0px;--awb-spacing-right-large:12.5px;--awb-margin-bottom-large:20px;--awb-spacing-left-large:12.5px;--awb-width-medium:100%;--awb-order-medium:0;--awb-spacing-right-medium:12.5px;--awb-spacing-left-medium:12.5px;--awb-width-small:100%;--awb-order-small:0;--awb-spacing-right-small:12.5px;--awb-spacing-left-small:12.5px;\"><div class=\"fusion-column-wrapper fusion-column-has-shadow fusion-flex-justify-content-flex-start fusion-content-layout-column\"><div class=\"fusion-title title fusion-title-7 fusion-sep-none fusion-title-text fusion-title-size-three\"><h3 class=\"fusion-title-heading title-heading-left\" style=\"margin:0;\">Mirror\u2122 Cases<\/h3><\/div><div class=\"fusion-separator\" style=\"align-self: flex-start;margin-right:auto;margin-bottom:25px;width:100%;max-width:250px;\"><div class=\"fusion-separator-border sep-single\" style=\"--awb-height:20px;--awb-amount:20px;border-color:#d60b51;border-top-width:4px;\"><\/div><\/div><div class=\"fusion-recent-works fusion-portfolio-element fusion-portfolio fusion-portfolio-1 fusion-portfolio-carousel fusion-portfolio-paging-pagination recent-works-carousel portfolio-carousel picture-size-auto\" data-id=\"-rw-1\"><div class=\"awb-carousel awb-swiper awb-swiper-carousel\" style=\"--awb-columns:3;\" data-autoplay=\"no\" data-columns=\"3\" data-itemmargin=\"30\" data-itemwidth=\"180\" data-touchscroll=\"no\" data-imagesize=\"auto\"><div class=\"swiper-wrapper\"><div class=\"swiper-slide\"><div class=\"fusion-carousel-item-wrapper\"><span class=\"entry-title rich-snippet-hidden\">Papia<\/span><span class=\"vcard rich-snippet-hidden\"><span class=\"fn\"><a href=\"https:\/\/goodjob.com.tr\/en\/author\/goodjob\/\" title=\"Posts by goodjob\" rel=\"author\">goodjob<\/a><\/span><\/span><span class=\"updated rich-snippet-hidden\">2023-08-14T21:46:41+03:00<\/span><div  class=\"fusion-image-wrapper\" aria-haspopup=\"true\">\n\t\t\t\t\t\t\t<a href=\"https:\/\/goodjob.com.tr\/en\/portfolio-items\/papia\/\" aria-label=\"Papia\">\n\t\t\t\t\t\t\t<img decoding=\"async\" width=\"1484\" height=\"1114\" src=\"https:\/\/goodjob.com.tr\/wp-content\/uploads\/2021\/12\/Papia-bilinc\u0327alti-aras\u0327tirma.jpg\" class=\"attachment-full size-full lazyload wp-post-image\" alt=\"\" srcset=\"data:image\/svg+xml,%3Csvg%20xmlns%3D%27http%3A%2F%2Fwww.w3.org%2F2000%2Fsvg%27%20width%3D%271484%27%20height%3D%271114%27%20viewBox%3D%270%200%201484%201114%27%3E%3Crect%20width%3D%271484%27%20height%3D%271114%27%20fill-opacity%3D%220%22%2F%3E%3C%2Fsvg%3E\" data-orig-src=\"https:\/\/goodjob.com.tr\/wp-content\/uploads\/2021\/12\/Papia-bilinc\u0327alti-aras\u0327tirma.jpg\" data-srcset=\"https:\/\/goodjob.com.tr\/wp-content\/uploads\/2021\/12\/Papia-bilinc\u0327alti-aras\u0327tirma-200x150.jpg 200w, https:\/\/goodjob.com.tr\/wp-content\/uploads\/2021\/12\/Papia-bilinc\u0327alti-aras\u0327tirma-400x300.jpg 400w, https:\/\/goodjob.com.tr\/wp-content\/uploads\/2021\/12\/Papia-bilinc\u0327alti-aras\u0327tirma-600x450.jpg 600w, https:\/\/goodjob.com.tr\/wp-content\/uploads\/2021\/12\/Papia-bilinc\u0327alti-aras\u0327tirma-800x601.jpg 800w, https:\/\/goodjob.com.tr\/wp-content\/uploads\/2021\/12\/Papia-bilinc\u0327alti-aras\u0327tirma-1200x901.jpg 1200w, https:\/\/goodjob.com.tr\/wp-content\/uploads\/2021\/12\/Papia-bilinc\u0327alti-aras\u0327tirma.jpg 1484w\" data-sizes=\"auto\" \/>\t\t\t<\/a>\n\t\t\t\t\t\t\t<\/div>\n<\/div><\/div><div class=\"swiper-slide\"><div class=\"fusion-carousel-item-wrapper\"><span class=\"entry-title rich-snippet-hidden\">Gratis<\/span><span class=\"vcard rich-snippet-hidden\"><span class=\"fn\"><a href=\"https:\/\/goodjob.com.tr\/en\/author\/goodjob\/\" title=\"Posts by goodjob\" rel=\"author\">goodjob<\/a><\/span><\/span><span class=\"updated rich-snippet-hidden\">2023-08-14T13:24:31+03:00<\/span><div  class=\"fusion-image-wrapper\" aria-haspopup=\"true\">\n\t\t\t\t\t\t\t<a href=\"https:\/\/goodjob.com.tr\/en\/portfolio-items\/gratis\/\" aria-label=\"Gratis\">\n\t\t\t\t\t\t\t<img decoding=\"async\" width=\"1484\" height=\"1113\" src=\"https:\/\/goodjob.com.tr\/wp-content\/uploads\/2021\/12\/Gratis-kozmetik-aras\u0327tirmasi.jpg\" class=\"attachment-full size-full lazyload wp-post-image\" alt=\"\" srcset=\"data:image\/svg+xml,%3Csvg%20xmlns%3D%27http%3A%2F%2Fwww.w3.org%2F2000%2Fsvg%27%20width%3D%271484%27%20height%3D%271113%27%20viewBox%3D%270%200%201484%201113%27%3E%3Crect%20width%3D%271484%27%20height%3D%271113%27%20fill-opacity%3D%220%22%2F%3E%3C%2Fsvg%3E\" data-orig-src=\"https:\/\/goodjob.com.tr\/wp-content\/uploads\/2021\/12\/Gratis-kozmetik-aras\u0327tirmasi.jpg\" data-srcset=\"https:\/\/goodjob.com.tr\/wp-content\/uploads\/2021\/12\/Gratis-kozmetik-aras\u0327tirmasi-200x150.jpg 200w, https:\/\/goodjob.com.tr\/wp-content\/uploads\/2021\/12\/Gratis-kozmetik-aras\u0327tirmasi-400x300.jpg 400w, https:\/\/goodjob.com.tr\/wp-content\/uploads\/2021\/12\/Gratis-kozmetik-aras\u0327tirmasi-600x450.jpg 600w, https:\/\/goodjob.com.tr\/wp-content\/uploads\/2021\/12\/Gratis-kozmetik-aras\u0327tirmasi-800x600.jpg 800w, https:\/\/goodjob.com.tr\/wp-content\/uploads\/2021\/12\/Gratis-kozmetik-aras\u0327tirmasi-1200x900.jpg 1200w, https:\/\/goodjob.com.tr\/wp-content\/uploads\/2021\/12\/Gratis-kozmetik-aras\u0327tirmasi.jpg 1484w\" data-sizes=\"auto\" \/>\t\t\t<\/a>\n\t\t\t\t\t\t\t<\/div>\n<\/div><\/div><div class=\"swiper-slide\"><div class=\"fusion-carousel-item-wrapper\"><span class=\"entry-title rich-snippet-hidden\">Warmhaus<\/span><span class=\"vcard rich-snippet-hidden\"><span class=\"fn\"><a href=\"https:\/\/goodjob.com.tr\/en\/author\/goodjob\/\" title=\"Posts by goodjob\" rel=\"author\">goodjob<\/a><\/span><\/span><span class=\"updated rich-snippet-hidden\">2023-08-14T12:33:56+03:00<\/span><div  class=\"fusion-image-wrapper\" aria-haspopup=\"true\">\n\t\t\t\t\t\t\t<a href=\"https:\/\/goodjob.com.tr\/en\/portfolio-items\/warmhaus\/\" aria-label=\"Warmhaus\">\n\t\t\t\t\t\t\t<img decoding=\"async\" width=\"800\" height=\"600\" src=\"https:\/\/goodjob.com.tr\/wp-content\/uploads\/2020\/10\/warmhaus-marka-danismanligi-goodjob.jpg\" class=\"attachment-full size-full lazyload wp-post-image\" alt=\"Warmhaus brand consultancy\" srcset=\"data:image\/svg+xml,%3Csvg%20xmlns%3D%27http%3A%2F%2Fwww.w3.org%2F2000%2Fsvg%27%20width%3D%27800%27%20height%3D%27600%27%20viewBox%3D%270%200%20800%20600%27%3E%3Crect%20width%3D%27800%27%20height%3D%27600%27%20fill-opacity%3D%220%22%2F%3E%3C%2Fsvg%3E\" data-orig-src=\"https:\/\/goodjob.com.tr\/wp-content\/uploads\/2020\/10\/warmhaus-marka-danismanligi-goodjob.jpg\" data-srcset=\"https:\/\/goodjob.com.tr\/wp-content\/uploads\/2020\/10\/warmhaus-marka-danismanligi-goodjob-200x150.jpg 200w, https:\/\/goodjob.com.tr\/wp-content\/uploads\/2020\/10\/warmhaus-marka-danismanligi-goodjob-400x300.jpg 400w, https:\/\/goodjob.com.tr\/wp-content\/uploads\/2020\/10\/warmhaus-marka-danismanligi-goodjob-600x450.jpg 600w, https:\/\/goodjob.com.tr\/wp-content\/uploads\/2020\/10\/warmhaus-marka-danismanligi-goodjob.jpg 800w\" data-sizes=\"auto\" \/>\t\t\t<\/a>\n\t\t\t\t\t\t\t<\/div>\n<\/div><\/div><\/div><div class=\"awb-swiper-button awb-swiper-button-prev\"><i class=\"awb-icon-angle-left\" aria-hidden=\"true\"><\/i><\/div><div class=\"awb-swiper-button awb-swiper-button-next\"><i class=\"awb-icon-angle-right\" aria-hidden=\"true\"><\/i><\/div><\/div><\/div><\/div><\/div><\/div><\/div><\/p>\n","protected":false},"excerpt":{"rendered":"","protected":false},"author":1,"featured_media":0,"parent":1937,"menu_order":0,"comment_status":"closed","ping_status":"closed","template":"100-width.php","meta":{"footnotes":""},"class_list":["post-1827","page","type-page","status-publish","hentry"],"yoast_head":"<!-- This site is optimized with the Yoast SEO plugin v27.4 - https:\/\/yoast.com\/product\/yoast-seo-wordpress\/ -->\n<title>Mirror \u2122 - Goodjob Marka Dan\u0131\u015fmanl\u0131\u011f\u0131<\/title>\n<meta name=\"robots\" content=\"index, follow, max-snippet:-1, max-image-preview:large, max-video-preview:-1\" \/>\n<link rel=\"canonical\" href=\"https:\/\/goodjob.com.tr\/en\/services\/insight-and-research\/subconscious-research\/mirror\/\" \/>\n<meta property=\"og:locale\" content=\"en_US\" \/>\n<meta property=\"og:type\" content=\"article\" \/>\n<meta property=\"og:title\" content=\"Mirror \u2122 - Goodjob Marka Dan\u0131\u015fmanl\u0131\u011f\u0131\" \/>\n<meta property=\"og:url\" content=\"https:\/\/goodjob.com.tr\/en\/services\/insight-and-research\/subconscious-research\/mirror\/\" \/>\n<meta property=\"og:site_name\" content=\"Goodjob Marka Dan\u0131\u015fmanl\u0131\u011f\u0131\" \/>\n<meta property=\"article:modified_time\" content=\"2021-05-10T15:39:32+00:00\" \/>\n<meta name=\"twitter:card\" content=\"summary_large_image\" \/>\n<meta name=\"twitter:label1\" content=\"Est. reading time\" \/>\n\t<meta name=\"twitter:data1\" content=\"14 minutes\" \/>\n<script type=\"application\/ld+json\" class=\"yoast-schema-graph\">{\"@context\":\"https:\\\/\\\/schema.org\",\"@graph\":[{\"@type\":\"WebPage\",\"@id\":\"https:\\\/\\\/goodjob.com.tr\\\/en\\\/services\\\/insight-and-research\\\/subconscious-research\\\/mirror\\\/\",\"url\":\"https:\\\/\\\/goodjob.com.tr\\\/en\\\/services\\\/insight-and-research\\\/subconscious-research\\\/mirror\\\/\",\"name\":\"Mirror \u2122 - Goodjob Marka Dan\u0131\u015fmanl\u0131\u011f\u0131\",\"isPartOf\":{\"@id\":\"https:\\\/\\\/goodjob.com.tr\\\/en\\\/#website\"},\"datePublished\":\"2020-10-26T16:27:17+00:00\",\"dateModified\":\"2021-05-10T15:39:32+00:00\",\"breadcrumb\":{\"@id\":\"https:\\\/\\\/goodjob.com.tr\\\/en\\\/services\\\/insight-and-research\\\/subconscious-research\\\/mirror\\\/#breadcrumb\"},\"inLanguage\":\"en-US\",\"potentialAction\":[{\"@type\":\"ReadAction\",\"target\":[\"https:\\\/\\\/goodjob.com.tr\\\/en\\\/services\\\/insight-and-research\\\/subconscious-research\\\/mirror\\\/\"]}]},{\"@type\":\"BreadcrumbList\",\"@id\":\"https:\\\/\\\/goodjob.com.tr\\\/en\\\/services\\\/insight-and-research\\\/subconscious-research\\\/mirror\\\/#breadcrumb\",\"itemListElement\":[{\"@type\":\"ListItem\",\"position\":1,\"name\":\"Ana sayfa\",\"item\":\"https:\\\/\\\/goodjob.com.tr\\\/en\\\/\"},{\"@type\":\"ListItem\",\"position\":2,\"name\":\"Services\",\"item\":\"https:\\\/\\\/goodjob.com.tr\\\/en\\\/hizmetler\\\/\"},{\"@type\":\"ListItem\",\"position\":3,\"name\":\"Insight and Research\",\"item\":\"https:\\\/\\\/goodjob.com.tr\\\/en\\\/hizmetler\\\/icgoru-ve-arastirma\\\/\"},{\"@type\":\"ListItem\",\"position\":4,\"name\":\"Subconscious Research\",\"item\":\"https:\\\/\\\/goodjob.com.tr\\\/en\\\/services\\\/insight-and-research\\\/subconscious-research\\\/\"},{\"@type\":\"ListItem\",\"position\":5,\"name\":\"Mirror \u2122\"}]},{\"@type\":\"WebSite\",\"@id\":\"https:\\\/\\\/goodjob.com.tr\\\/en\\\/#website\",\"url\":\"https:\\\/\\\/goodjob.com.tr\\\/en\\\/\",\"name\":\"Goodjob Marka Dan\u0131\u015fmanl\u0131\u011f\u0131\",\"description\":\"G\u00fc\u00e7l\u00fc markalar sadece derinli\u011fin g\u00fcc\u00fcyle var olur.\",\"publisher\":{\"@id\":\"https:\\\/\\\/goodjob.com.tr\\\/en\\\/#organization\"},\"potentialAction\":[{\"@type\":\"SearchAction\",\"target\":{\"@type\":\"EntryPoint\",\"urlTemplate\":\"https:\\\/\\\/goodjob.com.tr\\\/en\\\/?s={search_term_string}\"},\"query-input\":{\"@type\":\"PropertyValueSpecification\",\"valueRequired\":true,\"valueName\":\"search_term_string\"}}],\"inLanguage\":\"en-US\"},{\"@type\":\"Organization\",\"@id\":\"https:\\\/\\\/goodjob.com.tr\\\/en\\\/#organization\",\"name\":\"Goodjob Human Insight, Strategy & Branding\",\"url\":\"https:\\\/\\\/goodjob.com.tr\\\/en\\\/\",\"logo\":{\"@type\":\"ImageObject\",\"inLanguage\":\"en-US\",\"@id\":\"https:\\\/\\\/goodjob.com.tr\\\/en\\\/#\\\/schema\\\/logo\\\/image\\\/\",\"url\":\"https:\\\/\\\/goodjob.com.tr\\\/wp-content\\\/uploads\\\/2020\\\/10\\\/GJ_Logo.png\",\"contentUrl\":\"https:\\\/\\\/goodjob.com.tr\\\/wp-content\\\/uploads\\\/2020\\\/10\\\/GJ_Logo.png\",\"width\":500,\"height\":60,\"caption\":\"Goodjob Human Insight, Strategy & Branding\"},\"image\":{\"@id\":\"https:\\\/\\\/goodjob.com.tr\\\/en\\\/#\\\/schema\\\/logo\\\/image\\\/\"}}]}<\/script>\n<!-- \/ Yoast SEO plugin. -->","yoast_head_json":{"title":"Mirror \u2122 - Goodjob Marka Dan\u0131\u015fmanl\u0131\u011f\u0131","robots":{"index":"index","follow":"follow","max-snippet":"max-snippet:-1","max-image-preview":"max-image-preview:large","max-video-preview":"max-video-preview:-1"},"canonical":"https:\/\/goodjob.com.tr\/en\/services\/insight-and-research\/subconscious-research\/mirror\/","og_locale":"en_US","og_type":"article","og_title":"Mirror \u2122 - Goodjob Marka Dan\u0131\u015fmanl\u0131\u011f\u0131","og_url":"https:\/\/goodjob.com.tr\/en\/services\/insight-and-research\/subconscious-research\/mirror\/","og_site_name":"Goodjob Marka Dan\u0131\u015fmanl\u0131\u011f\u0131","article_modified_time":"2021-05-10T15:39:32+00:00","twitter_card":"summary_large_image","twitter_misc":{"Est. reading time":"14 minutes"},"schema":{"@context":"https:\/\/schema.org","@graph":[{"@type":"WebPage","@id":"https:\/\/goodjob.com.tr\/en\/services\/insight-and-research\/subconscious-research\/mirror\/","url":"https:\/\/goodjob.com.tr\/en\/services\/insight-and-research\/subconscious-research\/mirror\/","name":"Mirror \u2122 - Goodjob Marka Dan\u0131\u015fmanl\u0131\u011f\u0131","isPartOf":{"@id":"https:\/\/goodjob.com.tr\/en\/#website"},"datePublished":"2020-10-26T16:27:17+00:00","dateModified":"2021-05-10T15:39:32+00:00","breadcrumb":{"@id":"https:\/\/goodjob.com.tr\/en\/services\/insight-and-research\/subconscious-research\/mirror\/#breadcrumb"},"inLanguage":"en-US","potentialAction":[{"@type":"ReadAction","target":["https:\/\/goodjob.com.tr\/en\/services\/insight-and-research\/subconscious-research\/mirror\/"]}]},{"@type":"BreadcrumbList","@id":"https:\/\/goodjob.com.tr\/en\/services\/insight-and-research\/subconscious-research\/mirror\/#breadcrumb","itemListElement":[{"@type":"ListItem","position":1,"name":"Ana sayfa","item":"https:\/\/goodjob.com.tr\/en\/"},{"@type":"ListItem","position":2,"name":"Services","item":"https:\/\/goodjob.com.tr\/en\/hizmetler\/"},{"@type":"ListItem","position":3,"name":"Insight and Research","item":"https:\/\/goodjob.com.tr\/en\/hizmetler\/icgoru-ve-arastirma\/"},{"@type":"ListItem","position":4,"name":"Subconscious Research","item":"https:\/\/goodjob.com.tr\/en\/services\/insight-and-research\/subconscious-research\/"},{"@type":"ListItem","position":5,"name":"Mirror \u2122"}]},{"@type":"WebSite","@id":"https:\/\/goodjob.com.tr\/en\/#website","url":"https:\/\/goodjob.com.tr\/en\/","name":"Goodjob Marka Dan\u0131\u015fmanl\u0131\u011f\u0131","description":"G\u00fc\u00e7l\u00fc markalar sadece derinli\u011fin g\u00fcc\u00fcyle var olur.","publisher":{"@id":"https:\/\/goodjob.com.tr\/en\/#organization"},"potentialAction":[{"@type":"SearchAction","target":{"@type":"EntryPoint","urlTemplate":"https:\/\/goodjob.com.tr\/en\/?s={search_term_string}"},"query-input":{"@type":"PropertyValueSpecification","valueRequired":true,"valueName":"search_term_string"}}],"inLanguage":"en-US"},{"@type":"Organization","@id":"https:\/\/goodjob.com.tr\/en\/#organization","name":"Goodjob Human Insight, Strategy & Branding","url":"https:\/\/goodjob.com.tr\/en\/","logo":{"@type":"ImageObject","inLanguage":"en-US","@id":"https:\/\/goodjob.com.tr\/en\/#\/schema\/logo\/image\/","url":"https:\/\/goodjob.com.tr\/wp-content\/uploads\/2020\/10\/GJ_Logo.png","contentUrl":"https:\/\/goodjob.com.tr\/wp-content\/uploads\/2020\/10\/GJ_Logo.png","width":500,"height":60,"caption":"Goodjob Human Insight, Strategy & Branding"},"image":{"@id":"https:\/\/goodjob.com.tr\/en\/#\/schema\/logo\/image\/"}}]}},"_links":{"self":[{"href":"https:\/\/goodjob.com.tr\/en\/wp-json\/wp\/v2\/pages\/1827","targetHints":{"allow":["GET"]}}],"collection":[{"href":"https:\/\/goodjob.com.tr\/en\/wp-json\/wp\/v2\/pages"}],"about":[{"href":"https:\/\/goodjob.com.tr\/en\/wp-json\/wp\/v2\/types\/page"}],"author":[{"embeddable":true,"href":"https:\/\/goodjob.com.tr\/en\/wp-json\/wp\/v2\/users\/1"}],"replies":[{"embeddable":true,"href":"https:\/\/goodjob.com.tr\/en\/wp-json\/wp\/v2\/comments?post=1827"}],"version-history":[{"count":9,"href":"https:\/\/goodjob.com.tr\/en\/wp-json\/wp\/v2\/pages\/1827\/revisions"}],"predecessor-version":[{"id":1837,"href":"https:\/\/goodjob.com.tr\/en\/wp-json\/wp\/v2\/pages\/1827\/revisions\/1837"}],"up":[{"embeddable":true,"href":"https:\/\/goodjob.com.tr\/en\/wp-json\/wp\/v2\/pages\/1937"}],"wp:attachment":[{"href":"https:\/\/goodjob.com.tr\/en\/wp-json\/wp\/v2\/media?parent=1827"}],"curies":[{"name":"wp","href":"https:\/\/api.w.org\/{rel}","templated":true}]}}